{"id":12130,"date":"2016-03-10T02:20:45","date_gmt":"2016-03-10T01:20:45","guid":{"rendered":"http:\/\/www.domainedecardon.fr\/?page_id=12130"},"modified":"2023-01-16T16:01:52","modified_gmt":"2023-01-16T15:01:52","slug":"wine","status":"publish","type":"page","link":"https:\/\/www.domaine-de-cardon.fr\/en\/wine\/","title":{"rendered":"Our Wines"},"content":{"rendered":"[mk_page_section bg_color=&#8221;#f2f2f2&#8243; padding=&#8221;0&#8243; full_width=&#8221;true&#8221;][vc_column css=&#8221;.vc_custom_1620117245252{margin-top: 0px !important;border-top-width: 0px !important;padding-top: 0px !important;}&#8221;][mk_fancy_title tag_name=&#8221;h1&#8243; size=&#8221;34&#8243; line_height=&#8221;60&#8243; color=&#8221;#333333&#8243; font_weight=&#8221;300&#8243; font_family=&#8221;none&#8221; margin_top=&#8221;0&#8243; align=&#8221;center&#8221; animation=&#8221;flip-x&#8221;]Nos Vins[\/mk_fancy_title][mk_image src=&#8221;https:\/\/www.domaine-de-cardon.fr\/wp-content\/uploads\/2021\/05\/gamme.jpg&#8221; image_width=&#8221;1380&#8243; image_height=&#8221;407&#8243; crop=&#8221;false&#8221; hover=&#8221;false&#8221; align=&#8221;center&#8221;][\/vc_column][\/mk_page_section][mk_page_section][vc_column width=&#8221;1\/2&#8243;][mk_padding_divider size=&#8221;30&#8243;][mk_fancy_title size=&#8221;22&#8243; color=&#8221;#8e4d56&#8243; font_family=&#8221;none&#8221;]Mercurey 1er Cru \u201cCroichots\u201d[\/mk_fancy_title][mk_divider divider_color=&#8221;#8e4d56&#8243; thickness=&#8221;1&#8243; margin_top=&#8221;10&#8243;][vc_column_text]\n<p style=\"text-align: justify\">Le pinot noir trouve vraiment toute sa place pour ce Mercurey 1er cru rouge en ce lieu dit &#8220;Croichots&#8221;. Parcelle lov\u00e9e au sein d&#8217;une large cuvette expos\u00e9e plein sud,un v\u00e9ritable pi\u00e8ge \u00e0 soleil, parfait pour ce vin, \u00e9lev\u00e9 pendant un minimum de dix mois en f\u00fbts de ch\u00eane. Bouche pleine et charnue. Vin de garde.<\/p>\n[\/vc_column_text][\/vc_column][vc_column width=&#8221;1\/2&#8243;][mk_padding_divider size=&#8221;30&#8243;][mk_fancy_title size=&#8221;22&#8243; color=&#8221;#8e4d56&#8243; font_family=&#8221;none&#8221;]Mercurey village blanc\u00a0 \u201cRoc Blanc\u201d[\/mk_fancy_title][mk_divider divider_color=&#8221;#8e4d56&#8243; thickness=&#8221;1&#8243; margin_top=&#8221;10&#8243;][vc_column_text]\n<p style=\"text-align: justify\">Ce Mercurey village blanc, issu du c\u00e9page Chardonnay, sur la parcelle &#8220;Roc Blanc&#8221;, porte bien son nom. Aux reflets or vert, d&#8217;une bouche fra\u00eeche, ferme et min\u00e9rale, il a les caract\u00e9ristiques typiques de cette appellation. Il se bonifie en fut de ch\u00eane dans nos caves.<\/p>\n[\/vc_column_text][\/vc_column][\/mk_page_section][mk_page_section][vc_column width=&#8221;1\/2&#8243;][mk_fancy_title size=&#8221;22&#8243; color=&#8221;#8e4d56&#8243; font_family=&#8221;none&#8221;]Mercurey village rouge \u201cRoc Blanc\u201d[\/mk_fancy_title][mk_divider divider_color=&#8221;#8e4d56&#8243; thickness=&#8221;1&#8243; margin_top=&#8221;10&#8243;][vc_column_text]\n<p style=\"text-align: justify\">C&#8217;est un rouge que l&#8217;on trouve sur la parcelle\u00a0 &#8220;Roc Blanc&#8221;. Blottie \u00e0 l&#8217;abri d&#8217;un\u00a0 bois, expos\u00e9e sud\/sud- est le c\u00e9page pinot noir de notre Mercurey village rouge y d\u00e9veloppe tout son charme. Au nez de notes de fruits rouges ,la bouche est ronde et finement bois\u00e9e. Quelques mois en fut de ch\u00eane lui permettent de r\u00e9v\u00e9ler sa gaiet\u00e9.<\/p>\n[\/vc_column_text][\/vc_column][vc_column width=&#8221;1\/2&#8243;][mk_fancy_title size=&#8221;22&#8243; color=&#8221;#8e4d56&#8243; font_family=&#8221;none&#8221;]Bourgogne Aligot\u00e9[\/mk_fancy_title][mk_divider divider_color=&#8221;#8e4d56&#8243; thickness=&#8221;1&#8243; margin_top=&#8221;10&#8243;][vc_column_text]\n<p style=\"text-align: justify\">Ce c\u00e9page, le plus rustique de la Bourgogne est jusqu&#8217;ici principalement connu pour l&#8217;\u00e9laboration du &#8220;Kir&#8221; aussi appel\u00e9 &#8220;blanc cassis&#8221;.La d\u00e9couverte de cet aligot\u00e9 vous surprendra .Seul,il accompagnera vos fruits de mer et autres crustac\u00e9s.En lui laissant du temps,ce vin vous r\u00e9v\u00e9lera des notes de fruits confits tel que le coing.<\/p>\n[\/vc_column_text][\/vc_column][\/mk_page_section][mk_page_section][vc_column width=&#8221;1\/2&#8243;][mk_fancy_title size=&#8221;22&#8243; color=&#8221;#8e4d56&#8243; font_family=&#8221;none&#8221;]Bourgogne rouge \u201cLes Gardes\u201d[\/mk_fancy_title][mk_divider divider_color=&#8221;#8e4d56&#8243; thickness=&#8221;1&#8243; margin_top=&#8221;10&#8243;][vc_column_text]\n<p style=\"text-align: justify\">Adoss\u00e9e \u00e0 la commune d&#8217;Aluze, face au soleil levant, ce vin tout en finesse et \u00e9l\u00e9gance, vous surprendra par sa couleur d&#8217;un rouge pourpre, au nez de petit fruits rouges avec des tanins souples et soyeux. Vin plaisant et charmeur.<\/p>\n[\/vc_column_text][\/vc_column][vc_column width=&#8221;1\/2&#8243;][mk_fancy_title size=&#8221;22&#8243; color=&#8221;#8e4d56&#8243; font_family=&#8221;none&#8221;]Bourgogne rouge \u201cCuv\u00e9e Margaux\u201d[\/mk_fancy_title][mk_divider divider_color=&#8221;#8e4d56&#8243; thickness=&#8221;1&#8243; margin_top=&#8221;10&#8243;][vc_column_text]\n<p style=\"text-align: justify\">Cette cuv\u00e9e &#8220;Margaux&#8221; est issue d&#8217;un vignoble moins connu, la c\u00f4te du Couchois \u00e0 l&#8217;ouest de Mercurey et au sud de la haute c\u00f4te de Beaune. Le pinot noir venant d&#8217;un coteau face au ch\u00e2teau de Couches, expos\u00e9 plein sud, entre 200 \u00e0 300 m\u00e8tres d&#8217;altitude nous donne cette belle robe noire intense. Vin complet aux ar\u00f4mes de fruits noirs, le sureau, la mure, \u00e9voluant avec le temps sur des notes de tabac et de r\u00e9glisse.<\/p>\n[\/vc_column_text][\/vc_column][\/mk_page_section][mk_page_section][vc_column width=&#8221;1\/2&#8243;][mk_fancy_title size=&#8221;22&#8243; color=&#8221;#8e4d56&#8243; font_family=&#8221;none&#8221;]Bourgogne blanc &#8220;les 4 parcelles&#8221;[\/mk_fancy_title][mk_divider divider_color=&#8221;#8e4d56&#8243; thickness=&#8221;1&#8243; margin_top=&#8221;10&#8221;][vc_column_text]\n<p style=\"text-align: justify\">Ce Chardonnay, issu de vignes jeunes, n&#8217;en reste pas moins le c\u00e9page blanc noble de la Bourgogne, alliant fra\u00eecheur et vivacit\u00e9, au nez citronn\u00e9, et d&#8217;une bouche pleine et savoureuse.<\/p>\n[\/vc_column_text][\/vc_column][vc_column width=&#8221;1\/2&#8243;][mk_fancy_title size=&#8221;22&#8243; color=&#8221;#8e4d56&#8243; font_family=&#8221;none&#8221;]Chiroubles[\/mk_fancy_title][mk_divider divider_color=&#8221;#8e4d56&#8243; thickness=&#8221;1&#8243; margin_top=&#8221;10&#8243;][vc_column_text]\n<p style=\"text-align: justify\">S&#8217;il y a bien un cru du Beaujolais,qui se dit \u00eatre un vin \u201cf\u00e9minin&#8221;, c&#8217;est bien ce Chiroubles,issu lui du c\u00e9page Gamay qui se pla\u00eet \u00e0 merveilles sur ces sols de granit \u00e9rod\u00e9 par les assauts du temps.Rouge intense, bouche puissante d&#8217;un vin riche et complet.<\/p>\n[\/vc_column_text][\/vc_column][\/mk_page_section][mk_page_section][vc_column width=&#8221;1\/2&#8243;][mk_fancy_title size=&#8221;22&#8243; color=&#8221;#8e4d56&#8243; font_family=&#8221;none&#8221;]Beaujolais Villages[\/mk_fancy_title][mk_divider divider_color=&#8221;#8e4d56&#8243; thickness=&#8221;1&#8243; margin_top=&#8221;10&#8243;][vc_column_text]\n<p style=\"text-align: justify\">Beaucoup de charme dans ce Beaujolais Villages, malgr\u00e9 la simplicit\u00e9 de ce c\u00e9page qu&#8217;est le Gamay, il donne un vin d&#8217;une couleur intense, d&#8217;une bouche pleine et longue. Vin gourmand.<\/p>\n[\/vc_column_text][\/vc_column][vc_column width=&#8221;1\/2&#8243;][mk_fancy_title size=&#8221;22&#8243; color=&#8221;#8e4d56&#8243; font_family=&#8221;none&#8221;]Cr\u00e9mant de Bourgogne[\/mk_fancy_title][mk_divider divider_color=&#8221;#8e4d56&#8243; thickness=&#8221;1&#8243; margin_top=&#8221;10&#8243;][vc_column_text]\n<p style=\"text-align: justify\">Produit d&#8217;exception, \u00e9labor\u00e9 au pays m\u00eame d&#8217;o\u00f9 va na\u00eetre \u00e0 Rully en 1822 le cr\u00e9mant de Bourgogne. Celui-ci est compos\u00e9 des deux c\u00e9pages nobles de Bourgogne, le Chardonnay et le Pinot noir auxquels s&#8217;allie l&#8217;aligot\u00e9. D&#8217;une parfaite harmonie il laisse \u00e9chapper de fines bulles, au nez de p\u00e9tales de roses. Ce vin festif \u00e9merveillera vos papilles \u00e0 l&#8217;ap\u00e9ritif, comme sur un dessert.<\/p>\n[\/vc_column_text][\/vc_column][\/mk_page_section][mk_page_section padding=&#8221;0&#8243; full_width=&#8221;true&#8221;][\/mk_page_section][vc_column][\/vc_column][mk_padding_divider size=&#8221;20&#8243;][vc_column_text]0[\/vc_column_text]\n","protected":false},"excerpt":{"rendered":"<p>[mk_page_section bg_color=&#8221;#f2f2f2&#8243; padding=&#8221;0&#8243; full_width=&#8221;true&#8221;][vc_column css=&#8221;.vc_custom_1620117245252{margin-top: 0px !important;border-top-width: 0px !important;padding-top: 0px !important;}&#8221;][mk_fancy_title tag_name=&#8221;h1&#8243; size=&#8221;34&#8243; line_height=&#8221;60&#8243; color=&#8221;#333333&#8243; font_weight=&#8221;300&#8243; font_family=&#8221;none&#8221; margin_top=&#8221;0&#8243; align=&#8221;center&#8221; animation=&#8221;flip-x&#8221;]Nos Vins[\/mk_fancy_title][mk_image src=&#8221;https:\/\/www.domaine-de-cardon.fr\/wp-content\/uploads\/2021\/05\/gamme.jpg&#8221; image_width=&#8221;1380&#8243; image_height=&#8221;407&#8243; crop=&#8221;false&#8221; hover=&#8221;false&#8221; align=&#8221;center&#8221;][\/vc_column][\/mk_page_section][mk_page_section][vc_column width=&#8221;1\/2&#8243;][mk_padding_divider size=&#8221;30&#8243;][mk_fancy_title size=&#8221;22&#8243; color=&#8221;#8e4d56&#8243; font_family=&#8221;none&#8221;]Mercurey 1er Cru \u201cCroichots\u201d[\/mk_fancy_title][mk_divider divider_color=&#8221;#8e4d56&#8243; thickness=&#8221;1&#8243; margin_top=&#8221;10&#8243;][vc_column_text] Le pinot noir trouve vraiment toute sa place pour ce Mercurey 1er cru rouge en ce lieu [&hellip;]<\/p>\n","protected":false},"author":2,"featured_media":0,"parent":0,"menu_order":0,"comment_status":"open","ping_status":"open","template":"","meta":{"footnotes":""},"class_list":["post-12130","page","type-page","status-publish","hentry"],"yoast_head":"<!-- This site is optimized with the Yoast SEO plugin v27.3 - https:\/\/yoast.com\/product\/yoast-seo-wordpress\/ -->\n<title>Wine of our production - Domaine de Cardon - Rully<\/title>\n<meta name=\"description\" content=\"Presentation of our wines and appellations Chiroubles, Beaujolais village, Bourgogne, Mercurey Village, Mercurey Premier cru\" \/>\n<meta name=\"robots\" content=\"index, follow, max-snippet:-1, max-image-preview:large, max-video-preview:-1\" \/>\n<link rel=\"canonical\" href=\"https:\/\/www.domaine-de-cardon.fr\/en\/wine\/\" \/>\n<meta property=\"og:locale\" content=\"en_US\" \/>\n<meta property=\"og:type\" content=\"article\" \/>\n<meta property=\"og:title\" content=\"Wine of our production - Domaine de Cardon - Rully\" \/>\n<meta property=\"og:description\" content=\"Presentation of our wines and appellations Chiroubles, Beaujolais village, Bourgogne, Mercurey Village, Mercurey Premier cru\" \/>\n<meta property=\"og:url\" content=\"https:\/\/www.domaine-de-cardon.fr\/en\/wine\/\" \/>\n<meta property=\"og:site_name\" content=\"Domaine de Cardon\" \/>\n<meta property=\"article:modified_time\" content=\"2023-01-16T15:01:52+00:00\" \/>\n<meta name=\"twitter:card\" content=\"summary_large_image\" \/>\n<meta name=\"twitter:label1\" content=\"Est. reading time\" \/>\n\t<meta name=\"twitter:data1\" content=\"5 minutes\" \/>\n<script type=\"application\/ld+json\" class=\"yoast-schema-graph\">{\"@context\":\"https:\\\/\\\/schema.org\",\"@graph\":[{\"@type\":\"WebPage\",\"@id\":\"https:\\\/\\\/www.domaine-de-cardon.fr\\\/en\\\/wine\\\/\",\"url\":\"https:\\\/\\\/www.domaine-de-cardon.fr\\\/en\\\/wine\\\/\",\"name\":\"Wine of our production - Domaine de Cardon - Rully\",\"isPartOf\":{\"@id\":\"https:\\\/\\\/www.domaine-de-cardon.fr\\\/en\\\/#website\"},\"datePublished\":\"2016-03-10T01:20:45+00:00\",\"dateModified\":\"2023-01-16T15:01:52+00:00\",\"description\":\"Presentation of our wines and appellations Chiroubles, Beaujolais village, Bourgogne, Mercurey Village, Mercurey Premier cru\",\"breadcrumb\":{\"@id\":\"https:\\\/\\\/www.domaine-de-cardon.fr\\\/en\\\/wine\\\/#breadcrumb\"},\"inLanguage\":\"en-US\",\"potentialAction\":[{\"@type\":\"ReadAction\",\"target\":[\"https:\\\/\\\/www.domaine-de-cardon.fr\\\/en\\\/wine\\\/\"]}]},{\"@type\":\"BreadcrumbList\",\"@id\":\"https:\\\/\\\/www.domaine-de-cardon.fr\\\/en\\\/wine\\\/#breadcrumb\",\"itemListElement\":[{\"@type\":\"ListItem\",\"position\":1,\"name\":\"Accueil\",\"item\":\"https:\\\/\\\/www.domaine-de-cardon.fr\\\/en\\\/\"},{\"@type\":\"ListItem\",\"position\":2,\"name\":\"Our Wines\"}]},{\"@type\":\"WebSite\",\"@id\":\"https:\\\/\\\/www.domaine-de-cardon.fr\\\/en\\\/#website\",\"url\":\"https:\\\/\\\/www.domaine-de-cardon.fr\\\/en\\\/\",\"name\":\"Domaine de Cardon\",\"description\":\"Un domaine aux valeurs uniques\",\"publisher\":{\"@id\":\"https:\\\/\\\/www.domaine-de-cardon.fr\\\/en\\\/#organization\"},\"potentialAction\":[{\"@type\":\"SearchAction\",\"target\":{\"@type\":\"EntryPoint\",\"urlTemplate\":\"https:\\\/\\\/www.domaine-de-cardon.fr\\\/en\\\/?s={search_term_string}\"},\"query-input\":{\"@type\":\"PropertyValueSpecification\",\"valueRequired\":true,\"valueName\":\"search_term_string\"}}],\"inLanguage\":\"en-US\"},{\"@type\":\"Organization\",\"@id\":\"https:\\\/\\\/www.domaine-de-cardon.fr\\\/en\\\/#organization\",\"name\":\"Domaine de Cardon\",\"url\":\"https:\\\/\\\/www.domaine-de-cardon.fr\\\/en\\\/\",\"logo\":{\"@type\":\"ImageObject\",\"inLanguage\":\"en-US\",\"@id\":\"https:\\\/\\\/www.domaine-de-cardon.fr\\\/en\\\/#\\\/schema\\\/logo\\\/image\\\/\",\"url\":\"https:\\\/\\\/www.domaine-de-cardon.fr\\\/wp-content\\\/uploads\\\/2015\\\/06\\\/cropped-blason.png\",\"contentUrl\":\"https:\\\/\\\/www.domaine-de-cardon.fr\\\/wp-content\\\/uploads\\\/2015\\\/06\\\/cropped-blason.png\",\"width\":512,\"height\":512,\"caption\":\"Domaine de Cardon\"},\"image\":{\"@id\":\"https:\\\/\\\/www.domaine-de-cardon.fr\\\/en\\\/#\\\/schema\\\/logo\\\/image\\\/\"}}]}<\/script>\n<!-- \/ Yoast SEO plugin. -->","yoast_head_json":{"title":"Wine of our production - Domaine de Cardon - Rully","description":"Presentation of our wines and appellations Chiroubles, Beaujolais village, Bourgogne, Mercurey Village, Mercurey Premier cru","robots":{"index":"index","follow":"follow","max-snippet":"max-snippet:-1","max-image-preview":"max-image-preview:large","max-video-preview":"max-video-preview:-1"},"canonical":"https:\/\/www.domaine-de-cardon.fr\/en\/wine\/","og_locale":"en_US","og_type":"article","og_title":"Wine of our production - Domaine de Cardon - Rully","og_description":"Presentation of our wines and appellations Chiroubles, Beaujolais village, Bourgogne, Mercurey Village, Mercurey Premier cru","og_url":"https:\/\/www.domaine-de-cardon.fr\/en\/wine\/","og_site_name":"Domaine de Cardon","article_modified_time":"2023-01-16T15:01:52+00:00","twitter_card":"summary_large_image","twitter_misc":{"Est. reading time":"5 minutes"},"schema":{"@context":"https:\/\/schema.org","@graph":[{"@type":"WebPage","@id":"https:\/\/www.domaine-de-cardon.fr\/en\/wine\/","url":"https:\/\/www.domaine-de-cardon.fr\/en\/wine\/","name":"Wine of our production - Domaine de Cardon - Rully","isPartOf":{"@id":"https:\/\/www.domaine-de-cardon.fr\/en\/#website"},"datePublished":"2016-03-10T01:20:45+00:00","dateModified":"2023-01-16T15:01:52+00:00","description":"Presentation of our wines and appellations Chiroubles, Beaujolais village, Bourgogne, Mercurey Village, Mercurey Premier cru","breadcrumb":{"@id":"https:\/\/www.domaine-de-cardon.fr\/en\/wine\/#breadcrumb"},"inLanguage":"en-US","potentialAction":[{"@type":"ReadAction","target":["https:\/\/www.domaine-de-cardon.fr\/en\/wine\/"]}]},{"@type":"BreadcrumbList","@id":"https:\/\/www.domaine-de-cardon.fr\/en\/wine\/#breadcrumb","itemListElement":[{"@type":"ListItem","position":1,"name":"Accueil","item":"https:\/\/www.domaine-de-cardon.fr\/en\/"},{"@type":"ListItem","position":2,"name":"Our Wines"}]},{"@type":"WebSite","@id":"https:\/\/www.domaine-de-cardon.fr\/en\/#website","url":"https:\/\/www.domaine-de-cardon.fr\/en\/","name":"Domaine de Cardon","description":"Un domaine aux valeurs uniques","publisher":{"@id":"https:\/\/www.domaine-de-cardon.fr\/en\/#organization"},"potentialAction":[{"@type":"SearchAction","target":{"@type":"EntryPoint","urlTemplate":"https:\/\/www.domaine-de-cardon.fr\/en\/?s={search_term_string}"},"query-input":{"@type":"PropertyValueSpecification","valueRequired":true,"valueName":"search_term_string"}}],"inLanguage":"en-US"},{"@type":"Organization","@id":"https:\/\/www.domaine-de-cardon.fr\/en\/#organization","name":"Domaine de Cardon","url":"https:\/\/www.domaine-de-cardon.fr\/en\/","logo":{"@type":"ImageObject","inLanguage":"en-US","@id":"https:\/\/www.domaine-de-cardon.fr\/en\/#\/schema\/logo\/image\/","url":"https:\/\/www.domaine-de-cardon.fr\/wp-content\/uploads\/2015\/06\/cropped-blason.png","contentUrl":"https:\/\/www.domaine-de-cardon.fr\/wp-content\/uploads\/2015\/06\/cropped-blason.png","width":512,"height":512,"caption":"Domaine de Cardon"},"image":{"@id":"https:\/\/www.domaine-de-cardon.fr\/en\/#\/schema\/logo\/image\/"}}]}},"_links":{"self":[{"href":"https:\/\/www.domaine-de-cardon.fr\/en\/wp-json\/wp\/v2\/pages\/12130","targetHints":{"allow":["GET"]}}],"collection":[{"href":"https:\/\/www.domaine-de-cardon.fr\/en\/wp-json\/wp\/v2\/pages"}],"about":[{"href":"https:\/\/www.domaine-de-cardon.fr\/en\/wp-json\/wp\/v2\/types\/page"}],"author":[{"embeddable":true,"href":"https:\/\/www.domaine-de-cardon.fr\/en\/wp-json\/wp\/v2\/users\/2"}],"replies":[{"embeddable":true,"href":"https:\/\/www.domaine-de-cardon.fr\/en\/wp-json\/wp\/v2\/comments?post=12130"}],"version-history":[{"count":0,"href":"https:\/\/www.domaine-de-cardon.fr\/en\/wp-json\/wp\/v2\/pages\/12130\/revisions"}],"wp:attachment":[{"href":"https:\/\/www.domaine-de-cardon.fr\/en\/wp-json\/wp\/v2\/media?parent=12130"}],"curies":[{"name":"wp","href":"https:\/\/api.w.org\/{rel}","templated":true}]}}