{"id":13952,"date":"2024-04-10T22:11:34","date_gmt":"2024-04-10T21:11:34","guid":{"rendered":"https:\/\/www.domaine-de-cardon.fr\/?page_id=13952"},"modified":"2024-04-10T22:20:28","modified_gmt":"2024-04-10T21:20:28","slug":"accueil","status":"publish","type":"page","link":"https:\/\/www.domaine-de-cardon.fr\/en\/","title":{"rendered":"home"},"content":{"rendered":"[mk_page_section bg_image=&#8221;https:\/\/www.domaine-de-cardon.fr\/wp-content\/uploads\/2022\/03\/IMG_20220317_144106-scaled.jpg&#8221; bg_position=&#8221;center center&#8221; bg_repeat=&#8221;no-repeat&#8221; bg_stretch=&#8221;true&#8221; video_color_mask=&#8221;#2b2b2b&#8221; video_opacity=&#8221;0.3&#8243; padding=&#8221;35&#8243; full_height=&#8221;true&#8221; speed_factor=&#8221;0.3&#8243;][vc_column width=&#8221;1\/2&#8243;][mk_padding_divider size=&#8221;50&#8243;][mk_padding_divider size=&#8221;50&#8243;][\/vc_column][vc_column width=&#8221;1\/2&#8243;][mk_padding_divider size=&#8221;50&#8243;][mk_fancy_title tag_name=&#8221;h1&#8243; size=&#8221;34&#8243; line_height=&#8221;60&#8243; color=&#8221;#ffffff&#8221; font_weight=&#8221;300&#8243; font_family=&#8221;none&#8221;]\n<h1 style=\"color: white;\">DOMAINE DE CARDON<\/h1>\n<h2 style=\"color: white;\">Domain with unique values<\/h2>\n[\/mk_fancy_title][mk_padding_divider size=&#8221;50&#8243;][\/vc_column][\/mk_page_section][mk_page_section border_color=&#8221;#a0948e&#8221;][vc_column width=&#8221;1\/6&#8243;][\/vc_column][vc_column width=&#8221;2\/3&#8243;][mk_image src=&#8221;https:\/\/www.domaine-de-cardon.fr\/wp-content\/uploads\/2015\/06\/cropped-blason.png&#8221; image_width=&#8221;226&#8243; crop=&#8221;false&#8221; hover=&#8221;false&#8221; align=&#8221;center&#8221;][vc_column_text]\n<h2 style=\"text-align: center; font-size: 24px;\">Our vines in the heart of Burgundy<\/h2>\n<p>The philosophy of our vineyard is very simple: \u201cIn order to make good wines, you need good grapes\u201d! The quality of our wines is the result of rigorous work from the pruning of the vines in winter to the harvest at the end of the summer. Pierre our Cellar Master joined us in August 2015 and makes our wines with passion. Together with our viticultural manager S\u00e9bastien, they cultivate the vines with love and respect for our precious terroir.<\/p>\n<p>Students should always devote a lot of time and effort to studying and writing academic papers. In this process, they are helped by various online resources and sites such as ghostwriter-hausarbeit.comor similar ones, which are designed to provide professional assistance in the preparation of academic papers. The use of such resources helps to get quality work and to better understand the way of conducting research and correctly writing the obtained results.<\/p>\n<h2 style=\"text-align: center; font-size: 24px;\">An eco-friendly vineyard<\/h2>\n<p>Each year our wine estate is careful to maintain a controlled quantity of production in order to improve the quality and maturity of the aromas. We minimize our treatments and work in a reasoned way to protect our environment and the biodiversity of the Burgundy vineyard.[\/vc_column_text][mk_padding_divider size=&#8221;30&#8243;][mk_image src=&#8221;https:\/\/www.domaine-de-cardon.fr\/wp-content\/uploads\/2015\/06\/space2.png&#8221; crop=&#8221;false&#8221; hover=&#8221;false&#8221; align=&#8221;center&#8221;][mk_padding_divider size=&#8221;30&#8243;][\/vc_column][vc_column width=&#8221;1\/6&#8243;][\/vc_column][\/mk_page_section]\n","protected":false},"excerpt":{"rendered":"<p>[mk_page_section bg_image=&#8221;https:\/\/www.domaine-de-cardon.fr\/wp-content\/uploads\/2022\/03\/IMG_20220317_144106-scaled.jpg&#8221; bg_position=&#8221;center center&#8221; bg_repeat=&#8221;no-repeat&#8221; bg_stretch=&#8221;true&#8221; video_color_mask=&#8221;#2b2b2b&#8221; video_opacity=&#8221;0.3&#8243; padding=&#8221;35&#8243; full_height=&#8221;true&#8221; speed_factor=&#8221;0.3&#8243;][vc_column width=&#8221;1\/2&#8243;][mk_padding_divider size=&#8221;50&#8243;][mk_padding_divider size=&#8221;50&#8243;][\/vc_column][vc_column width=&#8221;1\/2&#8243;][mk_padding_divider size=&#8221;50&#8243;][mk_fancy_title tag_name=&#8221;h1&#8243; size=&#8221;34&#8243; line_height=&#8221;60&#8243; color=&#8221;#ffffff&#8221; font_weight=&#8221;300&#8243; font_family=&#8221;none&#8221;] DOMAINE DE CARDON Domain with unique values [\/mk_fancy_title][mk_padding_divider size=&#8221;50&#8243;][\/vc_column][\/mk_page_section][mk_page_section border_color=&#8221;#a0948e&#8221;][vc_column width=&#8221;1\/6&#8243;][\/vc_column][vc_column width=&#8221;2\/3&#8243;][mk_image src=&#8221;https:\/\/www.domaine-de-cardon.fr\/wp-content\/uploads\/2015\/06\/cropped-blason.png&#8221; image_width=&#8221;226&#8243; crop=&#8221;false&#8221; hover=&#8221;false&#8221; align=&#8221;center&#8221;][vc_column_text] Our vines in the heart of Burgundy The philosophy of our vineyard is very simple: \u201cIn [&hellip;]<\/p>\n","protected":false},"author":2,"featured_media":0,"parent":0,"menu_order":0,"comment_status":"open","ping_status":"closed","template":"","meta":{"footnotes":""},"class_list":["post-13952","page","type-page","status-publish","hentry"],"yoast_head":"<!-- This site is optimized with the Yoast SEO plugin v27.5 - https:\/\/yoast.com\/product\/yoast-seo-wordpress\/ -->\n<title>Vignoble - Accueil - Domaine viticole de Cardon \u00e0 Dracy Le Fort<\/title>\n<meta name=\"description\" content=\"Domaine de Cardon est un vignoble situ\u00e9 \u00e0 Dracy Le Fort produisant des appellations Bourgogne ainsi que des Mercurey Villages et 1er crus.\" \/>\n<meta name=\"robots\" content=\"index, follow, max-snippet:-1, max-image-preview:large, max-video-preview:-1\" \/>\n<link rel=\"canonical\" href=\"https:\/\/www.domaine-de-cardon.fr\/en\/\" \/>\n<meta property=\"og:locale\" content=\"en_US\" \/>\n<meta property=\"og:type\" content=\"article\" \/>\n<meta property=\"og:title\" content=\"Vignoble - Accueil - Domaine viticole de Cardon \u00e0 Dracy Le Fort\" \/>\n<meta property=\"og:description\" content=\"Domaine de Cardon est un vignoble situ\u00e9 \u00e0 Dracy Le Fort produisant des appellations Bourgogne ainsi que des Mercurey Villages et 1er crus.\" \/>\n<meta property=\"og:url\" content=\"https:\/\/www.domaine-de-cardon.fr\/en\/\" \/>\n<meta property=\"og:site_name\" content=\"Domaine de Cardon\" \/>\n<meta property=\"article:modified_time\" content=\"2024-04-10T21:20:28+00:00\" \/>\n<meta name=\"twitter:card\" content=\"summary_large_image\" \/>\n<meta name=\"twitter:label1\" content=\"Est. reading time\" \/>\n\t<meta name=\"twitter:data1\" content=\"2 minutes\" \/>\n<script type=\"application\/ld+json\" class=\"yoast-schema-graph\">{\"@context\":\"https:\\\/\\\/schema.org\",\"@graph\":[{\"@type\":\"WebPage\",\"@id\":\"https:\\\/\\\/www.domaine-de-cardon.fr\\\/en\\\/\",\"url\":\"https:\\\/\\\/www.domaine-de-cardon.fr\\\/en\\\/\",\"name\":\"Vignoble - Accueil - Domaine viticole de Cardon \u00e0 Dracy Le Fort\",\"isPartOf\":{\"@id\":\"https:\\\/\\\/www.domaine-de-cardon.fr\\\/en\\\/#website\"},\"datePublished\":\"2024-04-10T21:11:34+00:00\",\"dateModified\":\"2024-04-10T21:20:28+00:00\",\"description\":\"Domaine de Cardon est un vignoble situ\u00e9 \u00e0 Dracy Le Fort produisant des appellations Bourgogne ainsi que des Mercurey Villages et 1er crus.\",\"breadcrumb\":{\"@id\":\"https:\\\/\\\/www.domaine-de-cardon.fr\\\/en\\\/#breadcrumb\"},\"inLanguage\":\"en-US\",\"potentialAction\":[{\"@type\":\"ReadAction\",\"target\":[\"https:\\\/\\\/www.domaine-de-cardon.fr\\\/en\\\/\"]}]},{\"@type\":\"BreadcrumbList\",\"@id\":\"https:\\\/\\\/www.domaine-de-cardon.fr\\\/en\\\/#breadcrumb\",\"itemListElement\":[{\"@type\":\"ListItem\",\"position\":1,\"name\":\"Accueil\",\"item\":\"https:\\\/\\\/www.domaine-de-cardon.fr\\\/en\\\/\"},{\"@type\":\"ListItem\",\"position\":2,\"name\":\"home\"}]},{\"@type\":\"WebSite\",\"@id\":\"https:\\\/\\\/www.domaine-de-cardon.fr\\\/en\\\/#website\",\"url\":\"https:\\\/\\\/www.domaine-de-cardon.fr\\\/en\\\/\",\"name\":\"Domaine de Cardon\",\"description\":\"Un domaine aux valeurs uniques\",\"publisher\":{\"@id\":\"https:\\\/\\\/www.domaine-de-cardon.fr\\\/en\\\/#organization\"},\"potentialAction\":[{\"@type\":\"SearchAction\",\"target\":{\"@type\":\"EntryPoint\",\"urlTemplate\":\"https:\\\/\\\/www.domaine-de-cardon.fr\\\/en\\\/?s={search_term_string}\"},\"query-input\":{\"@type\":\"PropertyValueSpecification\",\"valueRequired\":true,\"valueName\":\"search_term_string\"}}],\"inLanguage\":\"en-US\"},{\"@type\":\"Organization\",\"@id\":\"https:\\\/\\\/www.domaine-de-cardon.fr\\\/en\\\/#organization\",\"name\":\"Domaine de Cardon\",\"url\":\"https:\\\/\\\/www.domaine-de-cardon.fr\\\/en\\\/\",\"logo\":{\"@type\":\"ImageObject\",\"inLanguage\":\"en-US\",\"@id\":\"https:\\\/\\\/www.domaine-de-cardon.fr\\\/en\\\/#\\\/schema\\\/logo\\\/image\\\/\",\"url\":\"https:\\\/\\\/www.domaine-de-cardon.fr\\\/wp-content\\\/uploads\\\/2015\\\/06\\\/cropped-blason.png\",\"contentUrl\":\"https:\\\/\\\/www.domaine-de-cardon.fr\\\/wp-content\\\/uploads\\\/2015\\\/06\\\/cropped-blason.png\",\"width\":512,\"height\":512,\"caption\":\"Domaine de Cardon\"},\"image\":{\"@id\":\"https:\\\/\\\/www.domaine-de-cardon.fr\\\/en\\\/#\\\/schema\\\/logo\\\/image\\\/\"}}]}<\/script>\n<!-- \/ Yoast SEO plugin. -->","yoast_head_json":{"title":"Vignoble - Accueil - Domaine viticole de Cardon \u00e0 Dracy Le Fort","description":"Domaine de Cardon est un vignoble situ\u00e9 \u00e0 Dracy Le Fort produisant des appellations Bourgogne ainsi que des Mercurey Villages et 1er crus.","robots":{"index":"index","follow":"follow","max-snippet":"max-snippet:-1","max-image-preview":"max-image-preview:large","max-video-preview":"max-video-preview:-1"},"canonical":"https:\/\/www.domaine-de-cardon.fr\/en\/","og_locale":"en_US","og_type":"article","og_title":"Vignoble - Accueil - Domaine viticole de Cardon \u00e0 Dracy Le Fort","og_description":"Domaine de Cardon est un vignoble situ\u00e9 \u00e0 Dracy Le Fort produisant des appellations Bourgogne ainsi que des Mercurey Villages et 1er crus.","og_url":"https:\/\/www.domaine-de-cardon.fr\/en\/","og_site_name":"Domaine de Cardon","article_modified_time":"2024-04-10T21:20:28+00:00","twitter_card":"summary_large_image","twitter_misc":{"Est. reading time":"2 minutes"},"schema":{"@context":"https:\/\/schema.org","@graph":[{"@type":"WebPage","@id":"https:\/\/www.domaine-de-cardon.fr\/en\/","url":"https:\/\/www.domaine-de-cardon.fr\/en\/","name":"Vignoble - Accueil - Domaine viticole de Cardon \u00e0 Dracy Le Fort","isPartOf":{"@id":"https:\/\/www.domaine-de-cardon.fr\/en\/#website"},"datePublished":"2024-04-10T21:11:34+00:00","dateModified":"2024-04-10T21:20:28+00:00","description":"Domaine de Cardon est un vignoble situ\u00e9 \u00e0 Dracy Le Fort produisant des appellations Bourgogne ainsi que des Mercurey Villages et 1er crus.","breadcrumb":{"@id":"https:\/\/www.domaine-de-cardon.fr\/en\/#breadcrumb"},"inLanguage":"en-US","potentialAction":[{"@type":"ReadAction","target":["https:\/\/www.domaine-de-cardon.fr\/en\/"]}]},{"@type":"BreadcrumbList","@id":"https:\/\/www.domaine-de-cardon.fr\/en\/#breadcrumb","itemListElement":[{"@type":"ListItem","position":1,"name":"Accueil","item":"https:\/\/www.domaine-de-cardon.fr\/en\/"},{"@type":"ListItem","position":2,"name":"home"}]},{"@type":"WebSite","@id":"https:\/\/www.domaine-de-cardon.fr\/en\/#website","url":"https:\/\/www.domaine-de-cardon.fr\/en\/","name":"Domaine de Cardon","description":"Un domaine aux valeurs uniques","publisher":{"@id":"https:\/\/www.domaine-de-cardon.fr\/en\/#organization"},"potentialAction":[{"@type":"SearchAction","target":{"@type":"EntryPoint","urlTemplate":"https:\/\/www.domaine-de-cardon.fr\/en\/?s={search_term_string}"},"query-input":{"@type":"PropertyValueSpecification","valueRequired":true,"valueName":"search_term_string"}}],"inLanguage":"en-US"},{"@type":"Organization","@id":"https:\/\/www.domaine-de-cardon.fr\/en\/#organization","name":"Domaine de Cardon","url":"https:\/\/www.domaine-de-cardon.fr\/en\/","logo":{"@type":"ImageObject","inLanguage":"en-US","@id":"https:\/\/www.domaine-de-cardon.fr\/en\/#\/schema\/logo\/image\/","url":"https:\/\/www.domaine-de-cardon.fr\/wp-content\/uploads\/2015\/06\/cropped-blason.png","contentUrl":"https:\/\/www.domaine-de-cardon.fr\/wp-content\/uploads\/2015\/06\/cropped-blason.png","width":512,"height":512,"caption":"Domaine de Cardon"},"image":{"@id":"https:\/\/www.domaine-de-cardon.fr\/en\/#\/schema\/logo\/image\/"}}]}},"_links":{"self":[{"href":"https:\/\/www.domaine-de-cardon.fr\/en\/wp-json\/wp\/v2\/pages\/13952","targetHints":{"allow":["GET"]}}],"collection":[{"href":"https:\/\/www.domaine-de-cardon.fr\/en\/wp-json\/wp\/v2\/pages"}],"about":[{"href":"https:\/\/www.domaine-de-cardon.fr\/en\/wp-json\/wp\/v2\/types\/page"}],"author":[{"embeddable":true,"href":"https:\/\/www.domaine-de-cardon.fr\/en\/wp-json\/wp\/v2\/users\/2"}],"replies":[{"embeddable":true,"href":"https:\/\/www.domaine-de-cardon.fr\/en\/wp-json\/wp\/v2\/comments?post=13952"}],"version-history":[{"count":0,"href":"https:\/\/www.domaine-de-cardon.fr\/en\/wp-json\/wp\/v2\/pages\/13952\/revisions"}],"wp:attachment":[{"href":"https:\/\/www.domaine-de-cardon.fr\/en\/wp-json\/wp\/v2\/media?parent=13952"}],"curies":[{"name":"wp","href":"https:\/\/api.w.org\/{rel}","templated":true}]}}