{"id":13083,"date":"2021-11-19T07:31:51","date_gmt":"2021-11-19T06:31:51","guid":{"rendered":"https:\/\/www.domaine-de-cardon.fr\/vins\/cremant-de-bourgogne-selection-frederique\/"},"modified":"2023-01-06T11:23:05","modified_gmt":"2023-01-06T10:23:05","slug":"cremant-de-bourgogne-selection-frederique","status":"publish","type":"product","link":"https:\/\/www.domaine-de-cardon.fr\/en\/vins\/cremant-de-bourgogne-selection-frederique\/","title":{"rendered":"Cr\u00e9mant de Bourgogne &#8211; S\u00e9lection Fr\u00e9d\u00e9rique"},"content":{"rendered":"","protected":false},"excerpt":{"rendered":"<p>Our cr\u00e9mant is dressed in a white gold colour. The bubbles are fine and form a delicate pearl necklace. The citrus, floral or mineral aromas of the Cr\u00e9mant de Bourgogne appellation accompany freshness and elegance on the palate with an acidity that allows the balance between the aromatic power and the desired lightness.<\/p>\n","protected":false},"featured_media":12973,"template":"","meta":[],"product_brand":[],"product_cat":[133],"product_tag":[],"class_list":{"0":"post-13083","1":"product","2":"type-product","3":"status-publish","4":"has-post-thumbnail","6":"product_cat-cremant-en","7":"pa_annee-2021-en","9":"first","10":"instock","11":"taxable","12":"shipping-taxable","13":"product-type-variable"},"yoast_head":"<!-- This site is optimized with the Yoast SEO plugin v27.4 - https:\/\/yoast.com\/product\/yoast-seo-wordpress\/ -->\n<title>Cr\u00e9mant de Bourgogne - S\u00e9lection Fr\u00e9d\u00e9rique &#8226; Domaine de Cardon<\/title>\n<meta name=\"robots\" content=\"index, follow, max-snippet:-1, max-image-preview:large, max-video-preview:-1\" \/>\n<link rel=\"canonical\" href=\"https:\/\/www.domaine-de-cardon.fr\/en\/vins\/cremant-de-bourgogne-selection-frederique\/\" \/>\n<meta property=\"og:locale\" content=\"en_US\" \/>\n<meta property=\"og:type\" content=\"article\" \/>\n<meta property=\"og:title\" content=\"Cr\u00e9mant de Bourgogne - S\u00e9lection Fr\u00e9d\u00e9rique &#8226; Domaine de Cardon\" \/>\n<meta property=\"og:description\" content=\"Our cr\u00e9mant is dressed in a white gold colour. The bubbles are fine and form a delicate pearl necklace. The citrus, floral or mineral aromas of the Cr\u00e9mant de Bourgogne appellation accompany freshness and elegance on the palate with an acidity that allows the balance between the aromatic power and the desired lightness.\" \/>\n<meta property=\"og:url\" content=\"https:\/\/www.domaine-de-cardon.fr\/en\/vins\/cremant-de-bourgogne-selection-frederique\/\" \/>\n<meta property=\"og:site_name\" content=\"Domaine de Cardon\" \/>\n<meta property=\"article:modified_time\" content=\"2023-01-06T10:23:05+00:00\" \/>\n<meta property=\"og:image\" content=\"https:\/\/www.domaine-de-cardon.fr\/wp-content\/uploads\/Cremant-202.png\" \/>\n\t<meta property=\"og:image:width\" content=\"413\" \/>\n\t<meta property=\"og:image:height\" content=\"731\" \/>\n\t<meta property=\"og:image:type\" content=\"image\/png\" \/>\n<meta name=\"twitter:card\" content=\"summary_large_image\" \/>\n<script type=\"application\/ld+json\" class=\"yoast-schema-graph\">{\"@context\":\"https:\\\/\\\/schema.org\",\"@graph\":[{\"@type\":\"WebPage\",\"@id\":\"https:\\\/\\\/www.domaine-de-cardon.fr\\\/en\\\/vins\\\/cremant-de-bourgogne-selection-frederique\\\/\",\"url\":\"https:\\\/\\\/www.domaine-de-cardon.fr\\\/en\\\/vins\\\/cremant-de-bourgogne-selection-frederique\\\/\",\"name\":\"Cr\u00e9mant de Bourgogne - S\u00e9lection Fr\u00e9d\u00e9rique &#8226; Domaine de Cardon\",\"isPartOf\":{\"@id\":\"https:\\\/\\\/www.domaine-de-cardon.fr\\\/en\\\/#website\"},\"primaryImageOfPage\":{\"@id\":\"https:\\\/\\\/www.domaine-de-cardon.fr\\\/en\\\/vins\\\/cremant-de-bourgogne-selection-frederique\\\/#primaryimage\"},\"image\":{\"@id\":\"https:\\\/\\\/www.domaine-de-cardon.fr\\\/en\\\/vins\\\/cremant-de-bourgogne-selection-frederique\\\/#primaryimage\"},\"thumbnailUrl\":\"https:\\\/\\\/www.domaine-de-cardon.fr\\\/wp-content\\\/uploads\\\/Cremant-202.png\",\"datePublished\":\"2021-11-19T06:31:51+00:00\",\"dateModified\":\"2023-01-06T10:23:05+00:00\",\"breadcrumb\":{\"@id\":\"https:\\\/\\\/www.domaine-de-cardon.fr\\\/en\\\/vins\\\/cremant-de-bourgogne-selection-frederique\\\/#breadcrumb\"},\"inLanguage\":\"en-US\",\"potentialAction\":[{\"@type\":\"ReadAction\",\"target\":[\"https:\\\/\\\/www.domaine-de-cardon.fr\\\/en\\\/vins\\\/cremant-de-bourgogne-selection-frederique\\\/\"]}]},{\"@type\":\"ImageObject\",\"inLanguage\":\"en-US\",\"@id\":\"https:\\\/\\\/www.domaine-de-cardon.fr\\\/en\\\/vins\\\/cremant-de-bourgogne-selection-frederique\\\/#primaryimage\",\"url\":\"https:\\\/\\\/www.domaine-de-cardon.fr\\\/wp-content\\\/uploads\\\/Cremant-202.png\",\"contentUrl\":\"https:\\\/\\\/www.domaine-de-cardon.fr\\\/wp-content\\\/uploads\\\/Cremant-202.png\",\"width\":413,\"height\":731},{\"@type\":\"BreadcrumbList\",\"@id\":\"https:\\\/\\\/www.domaine-de-cardon.fr\\\/en\\\/vins\\\/cremant-de-bourgogne-selection-frederique\\\/#breadcrumb\",\"itemListElement\":[{\"@type\":\"ListItem\",\"position\":1,\"name\":\"Accueil\",\"item\":\"https:\\\/\\\/www.domaine-de-cardon.fr\\\/en\\\/\"},{\"@type\":\"ListItem\",\"position\":2,\"name\":\"Shop\",\"item\":\"https:\\\/\\\/www.domaine-de-cardon.fr\\\/en\\\/shop\\\/\"},{\"@type\":\"ListItem\",\"position\":3,\"name\":\"Cr\u00e9mant\",\"item\":\"https:\\\/\\\/www.domaine-de-cardon.fr\\\/en\\\/vin\\\/cremant-en\\\/\"},{\"@type\":\"ListItem\",\"position\":4,\"name\":\"Cr\u00e9mant de Bourgogne &#8211; S\u00e9lection Fr\u00e9d\u00e9rique\"}]},{\"@type\":\"WebSite\",\"@id\":\"https:\\\/\\\/www.domaine-de-cardon.fr\\\/en\\\/#website\",\"url\":\"https:\\\/\\\/www.domaine-de-cardon.fr\\\/en\\\/\",\"name\":\"Domaine de Cardon\",\"description\":\"Un domaine aux valeurs uniques\",\"publisher\":{\"@id\":\"https:\\\/\\\/www.domaine-de-cardon.fr\\\/en\\\/#organization\"},\"potentialAction\":[{\"@type\":\"SearchAction\",\"target\":{\"@type\":\"EntryPoint\",\"urlTemplate\":\"https:\\\/\\\/www.domaine-de-cardon.fr\\\/en\\\/?s={search_term_string}\"},\"query-input\":{\"@type\":\"PropertyValueSpecification\",\"valueRequired\":true,\"valueName\":\"search_term_string\"}}],\"inLanguage\":\"en-US\"},{\"@type\":\"Organization\",\"@id\":\"https:\\\/\\\/www.domaine-de-cardon.fr\\\/en\\\/#organization\",\"name\":\"Domaine de Cardon\",\"url\":\"https:\\\/\\\/www.domaine-de-cardon.fr\\\/en\\\/\",\"logo\":{\"@type\":\"ImageObject\",\"inLanguage\":\"en-US\",\"@id\":\"https:\\\/\\\/www.domaine-de-cardon.fr\\\/en\\\/#\\\/schema\\\/logo\\\/image\\\/\",\"url\":\"https:\\\/\\\/www.domaine-de-cardon.fr\\\/wp-content\\\/uploads\\\/2015\\\/06\\\/cropped-blason.png\",\"contentUrl\":\"https:\\\/\\\/www.domaine-de-cardon.fr\\\/wp-content\\\/uploads\\\/2015\\\/06\\\/cropped-blason.png\",\"width\":512,\"height\":512,\"caption\":\"Domaine de Cardon\"},\"image\":{\"@id\":\"https:\\\/\\\/www.domaine-de-cardon.fr\\\/en\\\/#\\\/schema\\\/logo\\\/image\\\/\"}}]}<\/script>\n<!-- \/ Yoast SEO plugin. -->","yoast_head_json":{"title":"Cr\u00e9mant de Bourgogne - S\u00e9lection Fr\u00e9d\u00e9rique &#8226; Domaine de Cardon","robots":{"index":"index","follow":"follow","max-snippet":"max-snippet:-1","max-image-preview":"max-image-preview:large","max-video-preview":"max-video-preview:-1"},"canonical":"https:\/\/www.domaine-de-cardon.fr\/en\/vins\/cremant-de-bourgogne-selection-frederique\/","og_locale":"en_US","og_type":"article","og_title":"Cr\u00e9mant de Bourgogne - S\u00e9lection Fr\u00e9d\u00e9rique &#8226; Domaine de Cardon","og_description":"Our cr\u00e9mant is dressed in a white gold colour. The bubbles are fine and form a delicate pearl necklace. The citrus, floral or mineral aromas of the Cr\u00e9mant de Bourgogne appellation accompany freshness and elegance on the palate with an acidity that allows the balance between the aromatic power and the desired lightness.","og_url":"https:\/\/www.domaine-de-cardon.fr\/en\/vins\/cremant-de-bourgogne-selection-frederique\/","og_site_name":"Domaine de Cardon","article_modified_time":"2023-01-06T10:23:05+00:00","og_image":[{"width":413,"height":731,"url":"https:\/\/www.domaine-de-cardon.fr\/wp-content\/uploads\/Cremant-202.png","type":"image\/png"}],"twitter_card":"summary_large_image","schema":{"@context":"https:\/\/schema.org","@graph":[{"@type":"WebPage","@id":"https:\/\/www.domaine-de-cardon.fr\/en\/vins\/cremant-de-bourgogne-selection-frederique\/","url":"https:\/\/www.domaine-de-cardon.fr\/en\/vins\/cremant-de-bourgogne-selection-frederique\/","name":"Cr\u00e9mant de Bourgogne - S\u00e9lection Fr\u00e9d\u00e9rique &#8226; Domaine de Cardon","isPartOf":{"@id":"https:\/\/www.domaine-de-cardon.fr\/en\/#website"},"primaryImageOfPage":{"@id":"https:\/\/www.domaine-de-cardon.fr\/en\/vins\/cremant-de-bourgogne-selection-frederique\/#primaryimage"},"image":{"@id":"https:\/\/www.domaine-de-cardon.fr\/en\/vins\/cremant-de-bourgogne-selection-frederique\/#primaryimage"},"thumbnailUrl":"https:\/\/www.domaine-de-cardon.fr\/wp-content\/uploads\/Cremant-202.png","datePublished":"2021-11-19T06:31:51+00:00","dateModified":"2023-01-06T10:23:05+00:00","breadcrumb":{"@id":"https:\/\/www.domaine-de-cardon.fr\/en\/vins\/cremant-de-bourgogne-selection-frederique\/#breadcrumb"},"inLanguage":"en-US","potentialAction":[{"@type":"ReadAction","target":["https:\/\/www.domaine-de-cardon.fr\/en\/vins\/cremant-de-bourgogne-selection-frederique\/"]}]},{"@type":"ImageObject","inLanguage":"en-US","@id":"https:\/\/www.domaine-de-cardon.fr\/en\/vins\/cremant-de-bourgogne-selection-frederique\/#primaryimage","url":"https:\/\/www.domaine-de-cardon.fr\/wp-content\/uploads\/Cremant-202.png","contentUrl":"https:\/\/www.domaine-de-cardon.fr\/wp-content\/uploads\/Cremant-202.png","width":413,"height":731},{"@type":"BreadcrumbList","@id":"https:\/\/www.domaine-de-cardon.fr\/en\/vins\/cremant-de-bourgogne-selection-frederique\/#breadcrumb","itemListElement":[{"@type":"ListItem","position":1,"name":"Accueil","item":"https:\/\/www.domaine-de-cardon.fr\/en\/"},{"@type":"ListItem","position":2,"name":"Shop","item":"https:\/\/www.domaine-de-cardon.fr\/en\/shop\/"},{"@type":"ListItem","position":3,"name":"Cr\u00e9mant","item":"https:\/\/www.domaine-de-cardon.fr\/en\/vin\/cremant-en\/"},{"@type":"ListItem","position":4,"name":"Cr\u00e9mant de Bourgogne &#8211; S\u00e9lection Fr\u00e9d\u00e9rique"}]},{"@type":"WebSite","@id":"https:\/\/www.domaine-de-cardon.fr\/en\/#website","url":"https:\/\/www.domaine-de-cardon.fr\/en\/","name":"Domaine de Cardon","description":"Un domaine aux valeurs uniques","publisher":{"@id":"https:\/\/www.domaine-de-cardon.fr\/en\/#organization"},"potentialAction":[{"@type":"SearchAction","target":{"@type":"EntryPoint","urlTemplate":"https:\/\/www.domaine-de-cardon.fr\/en\/?s={search_term_string}"},"query-input":{"@type":"PropertyValueSpecification","valueRequired":true,"valueName":"search_term_string"}}],"inLanguage":"en-US"},{"@type":"Organization","@id":"https:\/\/www.domaine-de-cardon.fr\/en\/#organization","name":"Domaine de Cardon","url":"https:\/\/www.domaine-de-cardon.fr\/en\/","logo":{"@type":"ImageObject","inLanguage":"en-US","@id":"https:\/\/www.domaine-de-cardon.fr\/en\/#\/schema\/logo\/image\/","url":"https:\/\/www.domaine-de-cardon.fr\/wp-content\/uploads\/2015\/06\/cropped-blason.png","contentUrl":"https:\/\/www.domaine-de-cardon.fr\/wp-content\/uploads\/2015\/06\/cropped-blason.png","width":512,"height":512,"caption":"Domaine de Cardon"},"image":{"@id":"https:\/\/www.domaine-de-cardon.fr\/en\/#\/schema\/logo\/image\/"}}]}},"_links":{"self":[{"href":"https:\/\/www.domaine-de-cardon.fr\/en\/wp-json\/wp\/v2\/product\/13083","targetHints":{"allow":["GET"]}}],"collection":[{"href":"https:\/\/www.domaine-de-cardon.fr\/en\/wp-json\/wp\/v2\/product"}],"about":[{"href":"https:\/\/www.domaine-de-cardon.fr\/en\/wp-json\/wp\/v2\/types\/product"}],"wp:featuredmedia":[{"embeddable":true,"href":"https:\/\/www.domaine-de-cardon.fr\/en\/wp-json\/wp\/v2\/media\/12973"}],"wp:attachment":[{"href":"https:\/\/www.domaine-de-cardon.fr\/en\/wp-json\/wp\/v2\/media?parent=13083"}],"wp:term":[{"taxonomy":"product_brand","embeddable":true,"href":"https:\/\/www.domaine-de-cardon.fr\/en\/wp-json\/wp\/v2\/product_brand?post=13083"},{"taxonomy":"product_cat","embeddable":true,"href":"https:\/\/www.domaine-de-cardon.fr\/en\/wp-json\/wp\/v2\/product_cat?post=13083"},{"taxonomy":"product_tag","embeddable":true,"href":"https:\/\/www.domaine-de-cardon.fr\/en\/wp-json\/wp\/v2\/product_tag?post=13083"}],"curies":[{"name":"wp","href":"https:\/\/api.w.org\/{rel}","templated":true}]}}