{"id":13442,"date":"2023-01-16T14:30:06","date_gmt":"2023-01-16T13:30:06","guid":{"rendered":"https:\/\/www.domaine-de-cardon.fr\/i-nostri-vini\/"},"modified":"2023-01-24T10:08:12","modified_gmt":"2023-01-24T09:08:12","slug":"i-nostri-vini","status":"publish","type":"page","link":"https:\/\/www.domaine-de-cardon.fr\/it\/i-nostri-vini\/","title":{"rendered":"I nostri vini"},"content":{"rendered":"[mk_page_section bg_color=&#8221;#f2f2f2&#8243; padding=&#8221;0&#8243; full_width=&#8221;true&#8221;][vc_column css=&#8221;.vc_custom_1620117245252{margin-top: 0px !important;border-top-width: 0px !important;padding-top: 0px !important;}&#8221;][mk_fancy_title tag_name=&#8221;h1&#8243; size=&#8221;34&#8243; line_height=&#8221;60&#8243; color=&#8221;#333333&#8243; font_weight=&#8221;300&#8243; font_family=&#8221;none&#8221; margin_top=&#8221;0&#8243; align=&#8221;center&#8221; animation=&#8221;flip-x&#8221;]I nostri vini[\/mk_fancy_title][mk_image src=&#8221;https:\/\/www.domaine-de-cardon.fr\/wp-content\/uploads\/2021\/05\/gamme.jpg&#8221; image_width=&#8221;1380&#8243; image_height=&#8221;407&#8243; crop=&#8221;false&#8221; hover=&#8221;false&#8221; align=&#8221;center&#8221;][\/vc_column][\/mk_page_section][mk_page_section][vc_column width=&#8221;1\/2&#8243;][mk_padding_divider size=&#8221;30&#8243;][mk_fancy_title size=&#8221;22&#8243; color=&#8221;#8e4d56&#8243; font_family=&#8221;none&#8221;]Mercurey 1er Cru \u201cCroichots\u201d[\/mk_fancy_title][mk_divider divider_color=&#8221;#8e4d56&#8243; thickness=&#8221;1&#8243; margin_top=&#8221;10&#8243;][vc_column_text]Il pinot noir trova davvero il suo posto per questo Mercurey 1er cru rouge in questo lieu-dit \u00abCroichots\u00bb. Appezzamento arroccato all&#8217;interno di un ampia conca esposta a sud, una vera e propria trappola solare, perfetta per questo vino, allevato per un minimo di tredici mesi in botti di rovere. Bocca piena e carnosa. Vino di guardia.[\/vc_column_text][\/vc_column][vc_column width=&#8221;1\/2&#8243;][mk_padding_divider size=&#8221;30&#8243;][mk_fancy_title size=&#8221;22&#8243; color=&#8221;#8e4d56&#8243; font_family=&#8221;none&#8221;]Mercurey villaggio bianco &#8220;Roc Blanc&#8221;[\/mk_fancy_title][mk_divider divider_color=&#8221;#8e4d56&#8243; thickness=&#8221;1&#8243; margin_top=&#8221;10&#8243;][vc_column_text]Questo Mercurey village bianco, dal vitigno Chardonnay, sulla trama \u00abRoc Blanc\u00bb, porta il suo nome. Dai riflessi oro verde, dal sapore fresco, deciso e minerale, ha le caratteristiche tipiche di questa denominazione.[\/vc_column_text][\/vc_column][\/mk_page_section][mk_page_section][vc_column width=&#8221;1\/2&#8243;][mk_fancy_title size=&#8221;22&#8243; color=&#8221;#8e4d56&#8243; font_family=&#8221;none&#8221;]Mercurey villaggio rosso &#8220;Roche Cardon&#8221;[\/mk_fancy_title][mk_divider divider_color=&#8221;#8e4d56&#8243; thickness=&#8221;1&#8243; margin_top=&#8221;10&#8243;][vc_column_text]\u00c8 un rosso che si trova sulla trama \u00abRoc Blanc\u00bb. Rannicchiato al riparo di un bosco, esposto a sud\/sud- \u00e8 qui che il vitigno pinot nero del nostro Mercurey villaggio rosso sviluppa tutto il suo fascino. Al naso di note di frutti rossi, la bocca \u00e8 rotonda e finemente legnosa. Dodici mesi in bariche di quercia gli permettono di rivelare la sua allegria.[\/vc_column_text][\/vc_column][vc_column width=&#8221;1\/2&#8243;][mk_fancy_title size=&#8221;22&#8243; color=&#8221;#8e4d56&#8243; font_family=&#8221;none&#8221;]Aligot\u00e9 \u00ab\u00a0Vieilles vignes\u00a0\u00bb[\/mk_fancy_title][mk_divider divider_color=&#8221;#8e4d56&#8243; thickness=&#8221;1&#8243; margin_top=&#8221;10&#8243;][vc_column_text]Il vitigno pi\u00f9 rustico della Borgogna \u00e8 finora conosciuto principalmente per l&#8217;elaborazione del \u00abKir\u00bb chiamato anche \u00abbianco cassis\u00bb. La scoperta di questa Aligot\u00e9 vi sorprender\u00e0. Accompagner\u00e0 i vostri frutti di mare e altri crostacei. Lasciandogli del tempo, questo vino vi riveler\u00e0 note di frutta candita come la mela cotogna.[\/vc_column_text][\/vc_column][\/mk_page_section][mk_page_section][vc_column width=&#8221;1\/2&#8243;][mk_fancy_title size=&#8221;22&#8243; color=&#8221;#8e4d56&#8243; font_family=&#8221;none&#8221;]Bourgogna rosso \u201cLes Gardes\u201d[\/mk_fancy_title][mk_divider divider_color=&#8221;#8e4d56&#8243; thickness=&#8221;1&#8243; margin_top=&#8221;10&#8243;][vc_column_text]Addossata al comune di Aluze, di fronte a Mercurey, al sole nascente, questo vino tutto in finezza ed eleganza, vi sorprender\u00e0 con il suo colore di un rosso porpora, al naso di piccoli frutti rossi con tannini morbidi e setosi. Vino piacevole e affascinante.[\/vc_column_text][\/vc_column][vc_column width=&#8221;1\/2&#8243;][mk_fancy_title size=&#8221;22&#8243; color=&#8221;#8e4d56&#8243; font_family=&#8221;none&#8221;]Bourgogna rosso \u201cCuv\u00e9e Margaux\u201d[\/mk_fancy_title][mk_divider divider_color=&#8221;#8e4d56&#8243; thickness=&#8221;1&#8243; margin_top=&#8221;10&#8243;][vc_column_text]Questa cuv\u00e9e \u00abMargaux\u00bb proviene da un vigneto meno conosciuto, la \u00ab\u00a0Cote du Couchois a ovest di Mercurey e a sud dell&#8217;alta costa di Beaune. Il pinot nero proveniente da una collina di fronte al castello di Couches, esposto a sud, tra 200 a 300 metri d&#8217;altitudine ci d\u00e0 questo bel vestito nero intenso. Vino completo con aromi di frutta nera, sambuco, mure, che evolve con il tempo su note di tabacco e liquirizia.[\/vc_column_text][\/vc_column][\/mk_page_section][mk_page_section][vc_column width=&#8221;1\/2&#8243;][mk_fancy_title size=&#8221;22&#8243; color=&#8221;#8e4d56&#8243; font_family=&#8221;none&#8221;]Borgogna bianco &#8220;les 4 parcelles&#8221;[\/mk_fancy_title][mk_divider divider_color=&#8221;#8e4d56&#8243; thickness=&#8221;1&#8243; margin_top=&#8221;10&#8243;][vc_column_text]Questo Chardonnay, proveniente da vigneti giovani, rimane il nobile vitigno bianco della Borgogna, che unisce freschezza e vivacit\u00e0, al naso al limone, e una bocca piena e gustosa.[\/vc_column_text][\/vc_column][vc_column width=&#8221;1\/2&#8243;][mk_fancy_title size=&#8221;22&#8243; color=&#8221;#8e4d56&#8243; font_family=&#8221;none&#8221;]Chiroubles[\/mk_fancy_title][mk_divider divider_color=&#8221;#8e4d56&#8243; thickness=&#8221;1&#8243; margin_top=&#8221;10&#8243;][vc_column_text]C&#8217;\u00e8 bene un cru du Beaujolais, che si dice essere un vino &#8220;femminile\u00bb, \u00e8 proprio questo Chiroubles, proveniente dal vitigno Gamay che si diletta a meraviglia su questi pavimenti di granito eroso dagli assalti del tempo. Rosso intenso, bocca potente di un vino ricco e completo.[\/vc_column_text][\/vc_column][\/mk_page_section][mk_page_section][vc_column width=&#8221;1\/2&#8243;][mk_fancy_title size=&#8221;22&#8243; color=&#8221;#8e4d56&#8243; font_family=&#8221;none&#8221;][\/mk_fancy_title][mk_divider divider_color=&#8221;#8e4d56&#8243; thickness=&#8221;1&#8243; margin_top=&#8221;10&#8243;][vc_column_text][\/vc_column_text][\/vc_column][vc_column width=&#8221;1\/2&#8243;][mk_fancy_title size=&#8221;22&#8243; color=&#8221;#8e4d56&#8243; font_family=&#8221;none&#8221;]Cr\u00e9mant de Bourgogne[\/mk_fancy_title][mk_divider divider_color=&#8221;#8e4d56&#8243; thickness=&#8221;1&#8243; margin_top=&#8221;10&#8243;][vc_column_text]Prodotto d&#8217;eccezione, elaborato nel paese stesso da cui nascer\u00e0 a Rully nel 1822 il cr\u00e9mant di Borgogna. Questo \u00e8 composto dai due vitigni nobili della Borgogna, lo Chardonnay e il Pinot nero ai quali si unisce l&#8217;Aligot\u00e9. Da una perfetta armonia, lascia fuoriuscire bollicine, al naso di petali di rosa. Questo vino festivo stupir\u00e0 le vostre papille gustative all&#8217;aperitivo, come su un dessert.[\/vc_column_text][\/vc_column][\/mk_page_section][mk_page_section padding=&#8221;0&#8243; full_width=&#8221;true&#8221;][\/mk_page_section][vc_column][\/vc_column][mk_padding_divider size=&#8221;20&#8243;][vc_column_text]0[\/vc_column_text]\n","protected":false},"excerpt":{"rendered":"<p>[mk_page_section bg_color=&#8221;#f2f2f2&#8243; padding=&#8221;0&#8243; full_width=&#8221;true&#8221;][vc_column css=&#8221;.vc_custom_1620117245252{margin-top: 0px !important;border-top-width: 0px !important;padding-top: 0px !important;}&#8221;][mk_fancy_title tag_name=&#8221;h1&#8243; size=&#8221;34&#8243; line_height=&#8221;60&#8243; color=&#8221;#333333&#8243; font_weight=&#8221;300&#8243; font_family=&#8221;none&#8221; margin_top=&#8221;0&#8243; align=&#8221;center&#8221; animation=&#8221;flip-x&#8221;]I nostri vini[\/mk_fancy_title][mk_image src=&#8221;https:\/\/www.domaine-de-cardon.fr\/wp-content\/uploads\/2021\/05\/gamme.jpg&#8221; image_width=&#8221;1380&#8243; image_height=&#8221;407&#8243; crop=&#8221;false&#8221; hover=&#8221;false&#8221; align=&#8221;center&#8221;][\/vc_column][\/mk_page_section][mk_page_section][vc_column width=&#8221;1\/2&#8243;][mk_padding_divider size=&#8221;30&#8243;][mk_fancy_title size=&#8221;22&#8243; color=&#8221;#8e4d56&#8243; font_family=&#8221;none&#8221;]Mercurey 1er Cru \u201cCroichots\u201d[\/mk_fancy_title][mk_divider divider_color=&#8221;#8e4d56&#8243; thickness=&#8221;1&#8243; margin_top=&#8221;10&#8243;][vc_column_text]Il pinot noir trova davvero il suo posto per questo Mercurey 1er cru rouge in questo lieu-dit [&hellip;]<\/p>\n","protected":false},"author":2,"featured_media":0,"parent":0,"menu_order":0,"comment_status":"open","ping_status":"open","template":"","meta":{"footnotes":""},"class_list":["post-13442","page","type-page","status-publish","hentry"],"yoast_head":"<!-- This site is optimized with the Yoast SEO plugin v27.3 - https:\/\/yoast.com\/product\/yoast-seo-wordpress\/ -->\n<title>Vino di nostra produzione nel nostro vigneto di Rully - Domaine de Cardon<\/title>\n<meta name=\"description\" content=\"Presentazione dei nostri vini e delle nostre denominazioni Chiroubles, Beaujolais village, Bourgogne, Mercurey Village, Mercurey Premier cru\" \/>\n<meta name=\"robots\" content=\"index, follow, max-snippet:-1, max-image-preview:large, max-video-preview:-1\" \/>\n<link rel=\"canonical\" href=\"https:\/\/www.domaine-de-cardon.fr\/it\/i-nostri-vini\/\" \/>\n<meta property=\"og:locale\" content=\"it_IT\" \/>\n<meta property=\"og:type\" content=\"article\" \/>\n<meta property=\"og:title\" content=\"Vino di nostra produzione nel nostro vigneto di Rully - Domaine de Cardon\" \/>\n<meta property=\"og:description\" content=\"Presentazione dei nostri vini e delle nostre denominazioni Chiroubles, Beaujolais village, Bourgogne, Mercurey Village, Mercurey Premier cru\" \/>\n<meta property=\"og:url\" content=\"https:\/\/www.domaine-de-cardon.fr\/it\/i-nostri-vini\/\" \/>\n<meta property=\"og:site_name\" content=\"Domaine de Cardon\" \/>\n<meta property=\"article:modified_time\" content=\"2023-01-24T09:08:12+00:00\" \/>\n<meta name=\"twitter:card\" content=\"summary_large_image\" \/>\n<meta name=\"twitter:label1\" content=\"Tempo di lettura stimato\" \/>\n\t<meta name=\"twitter:data1\" content=\"4 minuti\" \/>\n<script type=\"application\/ld+json\" class=\"yoast-schema-graph\">{\"@context\":\"https:\\\/\\\/schema.org\",\"@graph\":[{\"@type\":\"WebPage\",\"@id\":\"https:\\\/\\\/www.domaine-de-cardon.fr\\\/it\\\/i-nostri-vini\\\/\",\"url\":\"https:\\\/\\\/www.domaine-de-cardon.fr\\\/it\\\/i-nostri-vini\\\/\",\"name\":\"Vino di nostra produzione nel nostro vigneto di Rully - Domaine de Cardon\",\"isPartOf\":{\"@id\":\"https:\\\/\\\/www.domaine-de-cardon.fr\\\/it\\\/#website\"},\"datePublished\":\"2023-01-16T13:30:06+00:00\",\"dateModified\":\"2023-01-24T09:08:12+00:00\",\"description\":\"Presentazione dei nostri vini e delle nostre denominazioni Chiroubles, Beaujolais village, Bourgogne, Mercurey Village, Mercurey Premier cru\",\"breadcrumb\":{\"@id\":\"https:\\\/\\\/www.domaine-de-cardon.fr\\\/it\\\/i-nostri-vini\\\/#breadcrumb\"},\"inLanguage\":\"it-IT\",\"potentialAction\":[{\"@type\":\"ReadAction\",\"target\":[\"https:\\\/\\\/www.domaine-de-cardon.fr\\\/it\\\/i-nostri-vini\\\/\"]}]},{\"@type\":\"BreadcrumbList\",\"@id\":\"https:\\\/\\\/www.domaine-de-cardon.fr\\\/it\\\/i-nostri-vini\\\/#breadcrumb\",\"itemListElement\":[{\"@type\":\"ListItem\",\"position\":1,\"name\":\"Accueil\",\"item\":\"https:\\\/\\\/www.domaine-de-cardon.fr\\\/it\\\/\"},{\"@type\":\"ListItem\",\"position\":2,\"name\":\"I nostri vini\"}]},{\"@type\":\"WebSite\",\"@id\":\"https:\\\/\\\/www.domaine-de-cardon.fr\\\/it\\\/#website\",\"url\":\"https:\\\/\\\/www.domaine-de-cardon.fr\\\/it\\\/\",\"name\":\"Domaine de Cardon\",\"description\":\"Un domaine aux valeurs uniques\",\"publisher\":{\"@id\":\"https:\\\/\\\/www.domaine-de-cardon.fr\\\/it\\\/#organization\"},\"potentialAction\":[{\"@type\":\"SearchAction\",\"target\":{\"@type\":\"EntryPoint\",\"urlTemplate\":\"https:\\\/\\\/www.domaine-de-cardon.fr\\\/it\\\/?s={search_term_string}\"},\"query-input\":{\"@type\":\"PropertyValueSpecification\",\"valueRequired\":true,\"valueName\":\"search_term_string\"}}],\"inLanguage\":\"it-IT\"},{\"@type\":\"Organization\",\"@id\":\"https:\\\/\\\/www.domaine-de-cardon.fr\\\/it\\\/#organization\",\"name\":\"Domaine de Cardon\",\"url\":\"https:\\\/\\\/www.domaine-de-cardon.fr\\\/it\\\/\",\"logo\":{\"@type\":\"ImageObject\",\"inLanguage\":\"it-IT\",\"@id\":\"https:\\\/\\\/www.domaine-de-cardon.fr\\\/it\\\/#\\\/schema\\\/logo\\\/image\\\/\",\"url\":\"https:\\\/\\\/www.domaine-de-cardon.fr\\\/wp-content\\\/uploads\\\/2015\\\/06\\\/cropped-blason.png\",\"contentUrl\":\"https:\\\/\\\/www.domaine-de-cardon.fr\\\/wp-content\\\/uploads\\\/2015\\\/06\\\/cropped-blason.png\",\"width\":512,\"height\":512,\"caption\":\"Domaine de Cardon\"},\"image\":{\"@id\":\"https:\\\/\\\/www.domaine-de-cardon.fr\\\/it\\\/#\\\/schema\\\/logo\\\/image\\\/\"}}]}<\/script>\n<!-- \/ Yoast SEO plugin. -->","yoast_head_json":{"title":"Vino di nostra produzione nel nostro vigneto di Rully - Domaine de Cardon","description":"Presentazione dei nostri vini e delle nostre denominazioni Chiroubles, Beaujolais village, Bourgogne, Mercurey Village, Mercurey Premier cru","robots":{"index":"index","follow":"follow","max-snippet":"max-snippet:-1","max-image-preview":"max-image-preview:large","max-video-preview":"max-video-preview:-1"},"canonical":"https:\/\/www.domaine-de-cardon.fr\/it\/i-nostri-vini\/","og_locale":"it_IT","og_type":"article","og_title":"Vino di nostra produzione nel nostro vigneto di Rully - Domaine de Cardon","og_description":"Presentazione dei nostri vini e delle nostre denominazioni Chiroubles, Beaujolais village, Bourgogne, Mercurey Village, Mercurey Premier cru","og_url":"https:\/\/www.domaine-de-cardon.fr\/it\/i-nostri-vini\/","og_site_name":"Domaine de Cardon","article_modified_time":"2023-01-24T09:08:12+00:00","twitter_card":"summary_large_image","twitter_misc":{"Tempo di lettura stimato":"4 minuti"},"schema":{"@context":"https:\/\/schema.org","@graph":[{"@type":"WebPage","@id":"https:\/\/www.domaine-de-cardon.fr\/it\/i-nostri-vini\/","url":"https:\/\/www.domaine-de-cardon.fr\/it\/i-nostri-vini\/","name":"Vino di nostra produzione nel nostro vigneto di Rully - Domaine de Cardon","isPartOf":{"@id":"https:\/\/www.domaine-de-cardon.fr\/it\/#website"},"datePublished":"2023-01-16T13:30:06+00:00","dateModified":"2023-01-24T09:08:12+00:00","description":"Presentazione dei nostri vini e delle nostre denominazioni Chiroubles, Beaujolais village, Bourgogne, Mercurey Village, Mercurey Premier cru","breadcrumb":{"@id":"https:\/\/www.domaine-de-cardon.fr\/it\/i-nostri-vini\/#breadcrumb"},"inLanguage":"it-IT","potentialAction":[{"@type":"ReadAction","target":["https:\/\/www.domaine-de-cardon.fr\/it\/i-nostri-vini\/"]}]},{"@type":"BreadcrumbList","@id":"https:\/\/www.domaine-de-cardon.fr\/it\/i-nostri-vini\/#breadcrumb","itemListElement":[{"@type":"ListItem","position":1,"name":"Accueil","item":"https:\/\/www.domaine-de-cardon.fr\/it\/"},{"@type":"ListItem","position":2,"name":"I nostri vini"}]},{"@type":"WebSite","@id":"https:\/\/www.domaine-de-cardon.fr\/it\/#website","url":"https:\/\/www.domaine-de-cardon.fr\/it\/","name":"Domaine de Cardon","description":"Un domaine aux valeurs uniques","publisher":{"@id":"https:\/\/www.domaine-de-cardon.fr\/it\/#organization"},"potentialAction":[{"@type":"SearchAction","target":{"@type":"EntryPoint","urlTemplate":"https:\/\/www.domaine-de-cardon.fr\/it\/?s={search_term_string}"},"query-input":{"@type":"PropertyValueSpecification","valueRequired":true,"valueName":"search_term_string"}}],"inLanguage":"it-IT"},{"@type":"Organization","@id":"https:\/\/www.domaine-de-cardon.fr\/it\/#organization","name":"Domaine de Cardon","url":"https:\/\/www.domaine-de-cardon.fr\/it\/","logo":{"@type":"ImageObject","inLanguage":"it-IT","@id":"https:\/\/www.domaine-de-cardon.fr\/it\/#\/schema\/logo\/image\/","url":"https:\/\/www.domaine-de-cardon.fr\/wp-content\/uploads\/2015\/06\/cropped-blason.png","contentUrl":"https:\/\/www.domaine-de-cardon.fr\/wp-content\/uploads\/2015\/06\/cropped-blason.png","width":512,"height":512,"caption":"Domaine de Cardon"},"image":{"@id":"https:\/\/www.domaine-de-cardon.fr\/it\/#\/schema\/logo\/image\/"}}]}},"_links":{"self":[{"href":"https:\/\/www.domaine-de-cardon.fr\/it\/wp-json\/wp\/v2\/pages\/13442","targetHints":{"allow":["GET"]}}],"collection":[{"href":"https:\/\/www.domaine-de-cardon.fr\/it\/wp-json\/wp\/v2\/pages"}],"about":[{"href":"https:\/\/www.domaine-de-cardon.fr\/it\/wp-json\/wp\/v2\/types\/page"}],"author":[{"embeddable":true,"href":"https:\/\/www.domaine-de-cardon.fr\/it\/wp-json\/wp\/v2\/users\/2"}],"replies":[{"embeddable":true,"href":"https:\/\/www.domaine-de-cardon.fr\/it\/wp-json\/wp\/v2\/comments?post=13442"}],"version-history":[{"count":0,"href":"https:\/\/www.domaine-de-cardon.fr\/it\/wp-json\/wp\/v2\/pages\/13442\/revisions"}],"wp:attachment":[{"href":"https:\/\/www.domaine-de-cardon.fr\/it\/wp-json\/wp\/v2\/media?parent=13442"}],"curies":[{"name":"wp","href":"https:\/\/api.w.org\/{rel}","templated":true}]}}