{"id":13468,"date":"2023-01-16T15:20:07","date_gmt":"2023-01-16T14:20:07","guid":{"rendered":"https:\/\/www.domaine-de-cardon.fr\/informazioni-legali\/"},"modified":"2023-01-24T10:33:20","modified_gmt":"2023-01-24T09:33:20","slug":"informazioni-legali","status":"publish","type":"page","link":"https:\/\/www.domaine-de-cardon.fr\/it\/informazioni-legali\/","title":{"rendered":"Informazioni legali"},"content":{"rendered":"[mk_page_section][vc_column][mk_padding_divider size=&#8221;50&#8243;][mk_fancy_title size=&#8221;34&#8243; line_height=&#8221;60&#8243; color=&#8221;#333333&#8243; font_weight=&#8221;300&#8243; font_family=&#8221;none&#8221; animation=&#8221;flip-x&#8221;]Avviso legale[\/mk_fancy_title][mk_padding_divider size=&#8221;20&#8243;][vc_column_text]\n<div class=\"grid grid-pad\">\n<div id=\"primary\" class=\"content-area col-9-12\">\n<article id=\"post-720\" class=\"post-720 page type-page status-publish hentry\">\n<div class=\"entry-content\">\n<p>1. Presentazione del sito.<\/p>\n<p>In virt\u00f9 dell&#8217;articolo 6 della legge n. 2004-575 del 21 giugno 2004 sulla fiducia nell&#8217;economia digitale, gli utenti del sito domainedecardon.fr sono informati dell&#8217;identit\u00e0 dei diversi soggetti coinvolti nella sua creazione e nel suo monitoraggio:<\/p>\n<p>&#8211; L&#8217;operatore : SCEV Domaine de Cardon<br \/>\n&#8211; Sede legale: 9 place de la mairie 71640 Dracy le Fort<br \/>\n&#8211; Capitale sociale: 146.650 euro<br \/>\n&#8211; Numero SIREN: 792568388<br \/>\n&#8211; Societ\u00e0 di hosting: OVH SAS con un capitale di 10.069.020 euro RCS Lille M\u00e9tropole 424 761 419 00045<br \/>\n&#8211; Nome del direttore della pubblicazione: Thierry Bied<\/p>\n<p>2. Condizioni generali di utilizzo del sito e dei servizi offerti.<\/p>\n<p>L&#8217;utilizzo del sito domainedecardon.fr implica la piena accettazione delle condizioni generali di utilizzo descritte di seguito. Le presenti condizioni di utilizzo possono essere modificate o integrate in qualsiasi momento e gli utenti del sito domainedecardon.fr sono pertanto invitati a consultarle regolarmente.<\/p>\n<p>Questo sito \u00e8 normalmente accessibile agli utenti in qualsiasi momento. Tuttavia, domainedecardon.fr pu\u00f2 decidere di interrompere il sito per motivi di manutenzione tecnica. In tal caso, domainedecardon.fr far\u00e0 il possibile per informare preventivamente gli utenti delle date e degli orari dell&#8217;intervento.<\/p>\n<p>Il sito domainedecardon.fr viene aggiornato regolarmente dal webmaster. Allo stesso modo, le note legali possono essere modificate in qualsiasi momento: esse sono comunque vincolanti per l&#8217;utente, che \u00e8 invitato a consultarle il pi\u00f9 spesso possibile per prenderne visione.<\/p>\n<p>3. Descrizione dei servizi forniti.<\/p>\n<p>Lo scopo del sito domainedecardon.fr \u00e8 quello di fornire informazioni su tutte le attivit\u00e0 dell&#8217;azienda.<\/p>\n<p>L&#8217;azienda si impegna a fornire informazioni sul sito domainedecardon.fr il pi\u00f9 accurate possibile. Tuttavia, non pu\u00f2 essere ritenuta responsabile di omissioni, imprecisioni e carenze di aggiornamento, siano esse imputabili a lei o a partner terzi che forniscono tali informazioni.<\/p>\n<p>Tutte le informazioni contenute nel sito web domainedecardon.fr sono fornite a titolo indicativo e possono cambiare. Inoltre, le informazioni contenute nel sito web domainedecardon.fr non sono esaustive. Il documento viene fornito con riserva di modifiche apportate dopo la sua messa in linea.<\/p>\n<p>4. Limitazioni contrattuali sui dati tecnici.<\/p>\n<p>Il sito web utilizza la tecnologia JavaScript.<\/p>\n<p>Il sito non pu\u00f2 essere ritenuto responsabile di eventuali danni materiali legati all&#8217;uso del sito. Inoltre, l&#8217;utente del sito si impegna ad accedervi con apparecchiature recenti, prive di virus e con un browser aggiornato all&#8217;ultima generazione.<\/p>\n<p>5. Propriet\u00e0 intellettuale e contraffazione.<\/p>\n<p>L&#8217;azienda \u00e8 titolare dei diritti di propriet\u00e0 intellettuale o detiene i diritti di utilizzo su tutti gli elementi accessibili sul sito, in particolare testi, immagini, grafici, loghi, icone, suoni, software.<\/p>\n<p>\u00c8 vietata la riproduzione, la rappresentazione, la modifica, la pubblicazione, l&#8217;adattamento di tutti o di una parte degli elementi del sito, qualunque sia il mezzo o il procedimento utilizzato, salvo previa autorizzazione scritta della societ\u00e0.<\/p>\n<p>Qualsiasi utilizzo non autorizzato del sito o di uno qualsiasi degli elementi in esso contenuti sar\u00e0 considerato come una violazione e sar\u00e0 perseguito secondo le disposizioni degli articoli L.335-2 e seguenti del Codice della Propriet\u00e0 Intellettuale.<\/p>\n<p>6. Limitazioni di responsabilit\u00e0.<\/p>\n<p>L&#8217;azienda non potr\u00e0 essere ritenuta responsabile dei danni diretti e indiretti causati alle apparecchiature dell&#8217;utente durante l&#8217;accesso al sito e derivanti sia dall&#8217;utilizzo di apparecchiature non conformi alle specifiche indicate al punto 4, sia dalla comparsa di un bug o di un&#8217;incompatibilit\u00e0.<\/p>\n<p>La societ\u00e0 non pu\u00f2 essere ritenuta responsabile per i danni indiretti (come la perdita di mercato o di opportunit\u00e0) derivanti dall&#8217;utilizzo del sito domainedecardon.fr.<\/p>\n<p>Gli utenti hanno a disposizione aree interattive (possibilit\u00e0 di porre domande nell&#8217;area di contatto). La societ\u00e0 si riserva il diritto di eliminare, senza preavviso, qualsiasi contenuto pubblicato in quest&#8217;area che contravvenga alla legislazione applicabile in Francia, in particolare alle disposizioni relative alla protezione dei dati. Se del caso, la societ\u00e0 si riserva inoltre il diritto di ritenere l&#8217;utente responsabile civilmente e\/o penalmente, in particolare in caso di messaggi di natura razzista, ingiuriosa, diffamatoria o pornografica, indipendentemente dal mezzo utilizzato (testo, fotografie, ecc.).<\/p>\n<p>7. Gestione dei dati personali.<\/p>\n<p>In Francia, i dati personali sono protetti dalla legge n. 78-87 del 6 gennaio 1978, dalla legge n. 2004-801 del 6 agosto 2004, dall&#8217;articolo L. 226-13 del Codice penale e dalla Direttiva europea del 24 ottobre 1995.<\/p>\n<p>Quando si utilizza il sito domainedecardon.fr, possono essere raccolte le seguenti informazioni: l&#8217;URL dei link attraverso i quali l&#8217;utente accede al sito domainedecardon.fr, il provider di accesso dell&#8217;utente, l&#8217;indirizzo del protocollo Internet (IP) dell&#8217;utente.<\/p>\n<p>In ogni caso, la societ\u00e0 raccoglie informazioni personali sull&#8217;utente solo ai fini di alcuni servizi offerti dal sito domainedecardon.fr. L&#8217;utente fornisce queste informazioni con cognizione di causa, in particolare quando le inserisce personalmente. L&#8217;utente del sito domainedecardon.fr viene quindi informato se \u00e8 tenuto o meno a fornire tali informazioni.<\/p>\n<p>Conformemente alle disposizioni degli articoli 38 e seguenti della legge 78-17 del 6 gennaio 1978 relativa al trattamento dei dati, degli archivi e delle libert\u00e0, ogni utente dispone di un diritto di accesso, di rettifica e di opposizione ai dati personali che lo riguardano, effettuando la sua richiesta scritta e firmata, accompagnata da una copia del titolo di identit\u00e0 con firma del titolare del documento, specificando l&#8217;indirizzo a cui deve essere inviata la risposta.<\/p>\n<p>Nessuna informazione personale dell&#8217;utente del sito domainedecardon.fr viene pubblicata all&#8217;insaputa dell&#8217;utente, scambiata, trasferita, ceduta o venduta su qualsiasi supporto a terzi. Solo l&#8217;ipotesi di riacquisto della societ\u00e0 e dei suoi diritti consentirebbe la trasmissione delle suddette informazioni all&#8217;eventuale acquirente che sarebbe a sua volta tenuto allo stesso obbligo di conservazione e modifica dei dati nei confronti dell&#8217;utente del sito domainedecardon.fr.<\/p>\n<p>Il sito non \u00e8 dichiarato alla CNIL in quanto non raccoglie informazioni personali.<\/p>\n<p>Le banche dati sono protette dalle disposizioni della legge del 1\u00b0 luglio 1998 che recepisce la direttiva 96\/9 dell&#8217;11 marzo 1996 sulla tutela giuridica delle banche dati.<\/p>\n<p>8. Link ipertestuali e cookie.<\/p>\n<p>Il sito domainedecardon.fr contiene una serie di collegamenti ipertestuali ad altri siti, creati con l&#8217;autorizzazione della societ\u00e0. Tuttavia, l&#8217;azienda non ha la possibilit\u00e0 di controllare il contenuto dei siti cos\u00ec visitati e, di conseguenza, non si assume alcuna responsabilit\u00e0 in merito.<\/p>\n<p>La navigazione sul sito domainedecardon.fr pu\u00f2 comportare l&#8217;installazione di cookie sul computer dell&#8217;utente. Un cookie \u00e8 un piccolo file che non consente di identificare l&#8217;utente, ma che registra informazioni relative alla navigazione di un computer su un sito. I dati cos\u00ec ottenuti hanno lo scopo di agevolare la successiva navigazione sul sito, nonch\u00e9 di consentire varie misure di frequentazione.<\/p>\n<p>Il rifiuto di installare un cookie pu\u00f2 rendere impossibile l&#8217;accesso a determinati servizi. Tuttavia, l&#8217;utente pu\u00f2 configurare il proprio computer nel modo seguente per rifiutare l&#8217;installazione dei cookie:<br \/>\nIn Internet Explorer: scheda Strumenti \/ Opzioni Internet. Fare clic su Riservatezza e scegliere Blocca tutti i cookie. Convalidare con Ok.<br \/>\nIn Netscape: scheda Modifica\/Preferenze. Cliccare su Avanzate e scegliere Disattiva cookie. Convalidare con Ok.<\/p>\n<p>9. Legge applicabile e giurisdizione.<\/p>\n<p>Qualsiasi controversia relativa all&#8217;utilizzo del sito web domainedecardon.fr \u00e8 soggetta alla legge francese. I tribunali competenti di Parigi hanno giurisdizione esclusiva.<br \/>\n10. Le principali leggi interessate.<\/p>\n<p>Legge n. 78-87 del 6 gennaio 1978, modificata dalla legge n. 2004-801 del 6 agosto 2004 sull&#8217;informatica, i file e le libert\u00e0.<\/p>\n<p>Legge n. 2004-575 del 21 giugno 2004 sulla fiducia nell&#8217;economia digitale.<br \/>\n11. Lessico.<\/p>\n<p>Utente: utente di Internet che si collega e utilizza il sito di cui sopra.<\/p>\n<p>Informazioni personali: &#8220;informazioni che consentono, in qualsiasi forma, direttamente o meno, l&#8217;identificazione delle persone fisiche cui si riferiscono&#8221; (articolo 4 della legge n. 78-17 del 6 gennaio 1978).<\/p>\n[\/vc_column_text][\/vc_column][\/mk_page_section]\n<\/div>\n<\/article>\n<\/div>\n<\/div>\n","protected":false},"excerpt":{"rendered":"<p>[mk_page_section][vc_column][mk_padding_divider size=&#8221;50&#8243;][mk_fancy_title size=&#8221;34&#8243; line_height=&#8221;60&#8243; color=&#8221;#333333&#8243; font_weight=&#8221;300&#8243; font_family=&#8221;none&#8221; animation=&#8221;flip-x&#8221;]Avviso legale[\/mk_fancy_title][mk_padding_divider size=&#8221;20&#8243;][vc_column_text] 1. Presentazione del sito. In virt\u00f9 dell&#8217;articolo 6 della legge n. 2004-575 del 21 giugno 2004 sulla fiducia nell&#8217;economia digitale, gli utenti del sito domainedecardon.fr sono informati dell&#8217;identit\u00e0 dei diversi soggetti coinvolti nella sua creazione e nel suo monitoraggio: &#8211; L&#8217;operatore : SCEV Domaine de [&hellip;]<\/p>\n","protected":false},"author":2,"featured_media":0,"parent":0,"menu_order":0,"comment_status":"open","ping_status":"open","template":"","meta":{"footnotes":""},"class_list":["post-13468","page","type-page","status-publish","hentry"],"yoast_head":"<!-- This site is optimized with the Yoast SEO plugin v27.4 - https:\/\/yoast.com\/product\/yoast-seo-wordpress\/ -->\n<title>Informazioni legali &#8226; Domaine de Cardon<\/title>\n<meta name=\"description\" content=\"Trovate qui le menzioni legali del sito web di Domaine de Cardon - vigneto a Rully\" \/>\n<meta name=\"robots\" content=\"index, follow, max-snippet:-1, max-image-preview:large, max-video-preview:-1\" \/>\n<link rel=\"canonical\" href=\"https:\/\/www.domaine-de-cardon.fr\/it\/informazioni-legali\/\" \/>\n<meta property=\"og:locale\" content=\"it_IT\" \/>\n<meta property=\"og:type\" content=\"article\" \/>\n<meta property=\"og:title\" content=\"Informazioni legali &#8226; Domaine de Cardon\" \/>\n<meta property=\"og:description\" content=\"Trovate qui le menzioni legali del sito web di Domaine de Cardon - vigneto a Rully\" \/>\n<meta property=\"og:url\" content=\"https:\/\/www.domaine-de-cardon.fr\/it\/informazioni-legali\/\" \/>\n<meta property=\"og:site_name\" content=\"Domaine de Cardon\" \/>\n<meta property=\"article:modified_time\" content=\"2023-01-24T09:33:20+00:00\" \/>\n<meta name=\"twitter:card\" content=\"summary_large_image\" \/>\n<meta name=\"twitter:label1\" content=\"Tempo di lettura stimato\" \/>\n\t<meta name=\"twitter:data1\" content=\"7 minuti\" \/>\n<script type=\"application\/ld+json\" class=\"yoast-schema-graph\">{\"@context\":\"https:\\\/\\\/schema.org\",\"@graph\":[{\"@type\":\"WebPage\",\"@id\":\"https:\\\/\\\/www.domaine-de-cardon.fr\\\/it\\\/informazioni-legali\\\/\",\"url\":\"https:\\\/\\\/www.domaine-de-cardon.fr\\\/it\\\/informazioni-legali\\\/\",\"name\":\"Informazioni legali &#8226; Domaine de Cardon\",\"isPartOf\":{\"@id\":\"https:\\\/\\\/www.domaine-de-cardon.fr\\\/it\\\/#website\"},\"datePublished\":\"2023-01-16T14:20:07+00:00\",\"dateModified\":\"2023-01-24T09:33:20+00:00\",\"description\":\"Trovate qui le menzioni legali del sito web di Domaine de Cardon - vigneto a Rully\",\"breadcrumb\":{\"@id\":\"https:\\\/\\\/www.domaine-de-cardon.fr\\\/it\\\/informazioni-legali\\\/#breadcrumb\"},\"inLanguage\":\"it-IT\",\"potentialAction\":[{\"@type\":\"ReadAction\",\"target\":[\"https:\\\/\\\/www.domaine-de-cardon.fr\\\/it\\\/informazioni-legali\\\/\"]}]},{\"@type\":\"BreadcrumbList\",\"@id\":\"https:\\\/\\\/www.domaine-de-cardon.fr\\\/it\\\/informazioni-legali\\\/#breadcrumb\",\"itemListElement\":[{\"@type\":\"ListItem\",\"position\":1,\"name\":\"Accueil\",\"item\":\"https:\\\/\\\/www.domaine-de-cardon.fr\\\/it\\\/\"},{\"@type\":\"ListItem\",\"position\":2,\"name\":\"Informazioni legali\"}]},{\"@type\":\"WebSite\",\"@id\":\"https:\\\/\\\/www.domaine-de-cardon.fr\\\/it\\\/#website\",\"url\":\"https:\\\/\\\/www.domaine-de-cardon.fr\\\/it\\\/\",\"name\":\"Domaine de Cardon\",\"description\":\"Un domaine aux valeurs uniques\",\"publisher\":{\"@id\":\"https:\\\/\\\/www.domaine-de-cardon.fr\\\/it\\\/#organization\"},\"potentialAction\":[{\"@type\":\"SearchAction\",\"target\":{\"@type\":\"EntryPoint\",\"urlTemplate\":\"https:\\\/\\\/www.domaine-de-cardon.fr\\\/it\\\/?s={search_term_string}\"},\"query-input\":{\"@type\":\"PropertyValueSpecification\",\"valueRequired\":true,\"valueName\":\"search_term_string\"}}],\"inLanguage\":\"it-IT\"},{\"@type\":\"Organization\",\"@id\":\"https:\\\/\\\/www.domaine-de-cardon.fr\\\/it\\\/#organization\",\"name\":\"Domaine de Cardon\",\"url\":\"https:\\\/\\\/www.domaine-de-cardon.fr\\\/it\\\/\",\"logo\":{\"@type\":\"ImageObject\",\"inLanguage\":\"it-IT\",\"@id\":\"https:\\\/\\\/www.domaine-de-cardon.fr\\\/it\\\/#\\\/schema\\\/logo\\\/image\\\/\",\"url\":\"https:\\\/\\\/www.domaine-de-cardon.fr\\\/wp-content\\\/uploads\\\/2015\\\/06\\\/cropped-blason.png\",\"contentUrl\":\"https:\\\/\\\/www.domaine-de-cardon.fr\\\/wp-content\\\/uploads\\\/2015\\\/06\\\/cropped-blason.png\",\"width\":512,\"height\":512,\"caption\":\"Domaine de Cardon\"},\"image\":{\"@id\":\"https:\\\/\\\/www.domaine-de-cardon.fr\\\/it\\\/#\\\/schema\\\/logo\\\/image\\\/\"}}]}<\/script>\n<!-- \/ Yoast SEO plugin. -->","yoast_head_json":{"title":"Informazioni legali &#8226; Domaine de Cardon","description":"Trovate qui le menzioni legali del sito web di Domaine de Cardon - vigneto a Rully","robots":{"index":"index","follow":"follow","max-snippet":"max-snippet:-1","max-image-preview":"max-image-preview:large","max-video-preview":"max-video-preview:-1"},"canonical":"https:\/\/www.domaine-de-cardon.fr\/it\/informazioni-legali\/","og_locale":"it_IT","og_type":"article","og_title":"Informazioni legali &#8226; Domaine de Cardon","og_description":"Trovate qui le menzioni legali del sito web di Domaine de Cardon - vigneto a Rully","og_url":"https:\/\/www.domaine-de-cardon.fr\/it\/informazioni-legali\/","og_site_name":"Domaine de Cardon","article_modified_time":"2023-01-24T09:33:20+00:00","twitter_card":"summary_large_image","twitter_misc":{"Tempo di lettura stimato":"7 minuti"},"schema":{"@context":"https:\/\/schema.org","@graph":[{"@type":"WebPage","@id":"https:\/\/www.domaine-de-cardon.fr\/it\/informazioni-legali\/","url":"https:\/\/www.domaine-de-cardon.fr\/it\/informazioni-legali\/","name":"Informazioni legali &#8226; Domaine de Cardon","isPartOf":{"@id":"https:\/\/www.domaine-de-cardon.fr\/it\/#website"},"datePublished":"2023-01-16T14:20:07+00:00","dateModified":"2023-01-24T09:33:20+00:00","description":"Trovate qui le menzioni legali del sito web di Domaine de Cardon - vigneto a Rully","breadcrumb":{"@id":"https:\/\/www.domaine-de-cardon.fr\/it\/informazioni-legali\/#breadcrumb"},"inLanguage":"it-IT","potentialAction":[{"@type":"ReadAction","target":["https:\/\/www.domaine-de-cardon.fr\/it\/informazioni-legali\/"]}]},{"@type":"BreadcrumbList","@id":"https:\/\/www.domaine-de-cardon.fr\/it\/informazioni-legali\/#breadcrumb","itemListElement":[{"@type":"ListItem","position":1,"name":"Accueil","item":"https:\/\/www.domaine-de-cardon.fr\/it\/"},{"@type":"ListItem","position":2,"name":"Informazioni legali"}]},{"@type":"WebSite","@id":"https:\/\/www.domaine-de-cardon.fr\/it\/#website","url":"https:\/\/www.domaine-de-cardon.fr\/it\/","name":"Domaine de Cardon","description":"Un domaine aux valeurs uniques","publisher":{"@id":"https:\/\/www.domaine-de-cardon.fr\/it\/#organization"},"potentialAction":[{"@type":"SearchAction","target":{"@type":"EntryPoint","urlTemplate":"https:\/\/www.domaine-de-cardon.fr\/it\/?s={search_term_string}"},"query-input":{"@type":"PropertyValueSpecification","valueRequired":true,"valueName":"search_term_string"}}],"inLanguage":"it-IT"},{"@type":"Organization","@id":"https:\/\/www.domaine-de-cardon.fr\/it\/#organization","name":"Domaine de Cardon","url":"https:\/\/www.domaine-de-cardon.fr\/it\/","logo":{"@type":"ImageObject","inLanguage":"it-IT","@id":"https:\/\/www.domaine-de-cardon.fr\/it\/#\/schema\/logo\/image\/","url":"https:\/\/www.domaine-de-cardon.fr\/wp-content\/uploads\/2015\/06\/cropped-blason.png","contentUrl":"https:\/\/www.domaine-de-cardon.fr\/wp-content\/uploads\/2015\/06\/cropped-blason.png","width":512,"height":512,"caption":"Domaine de Cardon"},"image":{"@id":"https:\/\/www.domaine-de-cardon.fr\/it\/#\/schema\/logo\/image\/"}}]}},"_links":{"self":[{"href":"https:\/\/www.domaine-de-cardon.fr\/it\/wp-json\/wp\/v2\/pages\/13468","targetHints":{"allow":["GET"]}}],"collection":[{"href":"https:\/\/www.domaine-de-cardon.fr\/it\/wp-json\/wp\/v2\/pages"}],"about":[{"href":"https:\/\/www.domaine-de-cardon.fr\/it\/wp-json\/wp\/v2\/types\/page"}],"author":[{"embeddable":true,"href":"https:\/\/www.domaine-de-cardon.fr\/it\/wp-json\/wp\/v2\/users\/2"}],"replies":[{"embeddable":true,"href":"https:\/\/www.domaine-de-cardon.fr\/it\/wp-json\/wp\/v2\/comments?post=13468"}],"version-history":[{"count":0,"href":"https:\/\/www.domaine-de-cardon.fr\/it\/wp-json\/wp\/v2\/pages\/13468\/revisions"}],"wp:attachment":[{"href":"https:\/\/www.domaine-de-cardon.fr\/it\/wp-json\/wp\/v2\/media?parent=13468"}],"curies":[{"name":"wp","href":"https:\/\/api.w.org\/{rel}","templated":true}]}}