{"id":13522,"date":"2023-01-16T16:40:12","date_gmt":"2023-01-16T15:40:12","guid":{"rendered":"https:\/\/www.domaine-de-cardon.fr\/homepage\/"},"modified":"2024-04-10T22:21:00","modified_gmt":"2024-04-10T21:21:00","slug":"homepage","status":"publish","type":"page","link":"https:\/\/www.domaine-de-cardon.fr\/it\/","title":{"rendered":"Homepage it"},"content":{"rendered":"<div class=\"wpb-content-wrapper\">[mk_page_section bg_color=&#8221;#5c3640&#8243; bg_image=&#8221;https:\/\/www.domaine-de-cardon.fr\/wp-content\/uploads\/2022\/03\/IMG_20220317_144106-scaled.jpg&#8221; bg_position=&#8221;center center&#8221; bg_repeat=&#8221;no-repeat&#8221; bg_stretch=&#8221;true&#8221; padding=&#8221;35&#8243; full_height=&#8221;true&#8221; speed_factor=&#8221;0.3&#8243;][vc_column width=&#8221;1\/2&#8243;][\/vc_column][vc_column width=&#8221;1\/2&#8243;][mk_padding_divider size=&#8221;50&#8243;][mk_fancy_title size=&#8221;34&#8243; line_height=&#8221;60&#8243; color=&#8221;#ffffff&#8221; font_weight=&#8221;300&#8243; font_family=&#8221;none&#8221; animation=&#8221;flip-x&#8221;]\n<h1 style=\"color: white;\">DOMAINE DE CARDON<\/h1>\n<h2 style=\"color: white;\"><\/h2>\n[\/mk_fancy_title][mk_padding_divider size=&#8221;50&#8243;][\/vc_column][\/mk_page_section][mk_page_section][vc_column width=&#8221;1\/4&#8243;][\/vc_column][vc_column width=&#8221;1\/2&#8243;][mk_image src=&#8221;http:\/\/www.domainedecardon.fr\/wp-content\/uploads\/2015\/06\/space1.png&#8221; image_width=&#8221;226&#8243; image_height=&#8221;400&#8243; crop=&#8221;false&#8221; hover=&#8221;false&#8221; align=&#8221;center&#8221;][vc_column_text]\n<h2 style=\"text-align: center;\"><strong>Un vigneto nel cuore della Bourgogna<\/strong><\/h2>\n<p style=\"text-align: center;\">Per fare un buon vino, ci vuole dell&#8217;uva buona! Questa \u00e8 la filosofia del nostro vigneto. La qualit\u00e0 dei nostri vini \u00e8 frutto di un lavoro rigoroso, dalla potatura delle vigne in inverno alla vendemmia di fine estate. S\u00e9bastien, il nostro chef di coltivazione, lavora con l&#8217;amore per la vite e il rispetto del suo terroir.Pierre il nostro Maestro di Chais che ci ha raggiunto nell&#8217;agosto 2015 elabora con passione i nostri vini. La nostra azienda vinicola si impegna a mantenere ogni anno una quantit\u00e0 controllata di produzione per guadagnare in qualit\u00e0 e maturazione di aromi. Riduciamo al minimo i nostri trattamenti e lavoriamo in modo ragionato. I nostri appezzamenti sono in parte erbosi e coltiviamo i nostri suoli con una costante lotta profilattica. Questo aiuta anche a ridurre il rischio di malattie.<\/p>\n<p style=\"text-align: center;\">Siamo certificati per questo \u00ab\u00a0Terra Vitis\u00a0\u00bb<\/p>\n<h2 style=\"text-align: center;\"><strong>Un&#8217;azienda vinicola tradizionale<\/strong><\/h2>\n<p style=\"text-align: center;\">La nostra vendemmia \u00e8 fatta a mano per i nostri Mercurey Village (rossi e bianchi) ed il Mercurey 1er cru . Tutti i nostri vini sono allevati in bariche meno che per la cuv\u00e9e Folch, il ros\u00e9 e il nostro Bourgogne Chardonnay. Esclusivamente in botti di rovere per i nostri vini rossi e con un misto rovere\/acacia per il Mercurey bianco. I Mercurey Village e il nostro 1<sup>er<\/sup>cru sono allevati per almeno 13 mesi.<\/p>\n[\/vc_column_text][mk_padding_divider size=&#8221;10&#8243;][mk_image src=&#8221;http:\/\/www.domainedecardon.fr\/wp-content\/uploads\/2015\/06\/space2.png&#8221; image_height=&#8221;400&#8243; crop=&#8221;false&#8221; hover=&#8221;false&#8221; align=&#8221;center&#8221;][mk_padding_divider size=&#8221;30&#8243;][\/vc_column][vc_column width=&#8221;1\/4&#8243;][\/vc_column][\/mk_page_section][vc_row][vc_column][\/vc_column][\/vc_row]\n<\/div>","protected":false},"excerpt":{"rendered":"<p>[mk_page_section bg_color=&#8221;#5c3640&#8243; bg_image=&#8221;https:\/\/www.domaine-de-cardon.fr\/wp-content\/uploads\/2022\/03\/IMG_20220317_144106-scaled.jpg&#8221; bg_position=&#8221;center center&#8221; bg_repeat=&#8221;no-repeat&#8221; bg_stretch=&#8221;true&#8221; padding=&#8221;35&#8243; full_height=&#8221;true&#8221; speed_factor=&#8221;0.3&#8243;][vc_column width=&#8221;1\/2&#8243;][\/vc_column][vc_column width=&#8221;1\/2&#8243;][mk_padding_divider size=&#8221;50&#8243;][mk_fancy_title size=&#8221;34&#8243; line_height=&#8221;60&#8243; color=&#8221;#ffffff&#8221; font_weight=&#8221;300&#8243; font_family=&#8221;none&#8221; animation=&#8221;flip-x&#8221;] DOMAINE DE CARDON [\/mk_fancy_title][mk_padding_divider size=&#8221;50&#8243;][\/vc_column][\/mk_page_section][mk_page_section][vc_column width=&#8221;1\/4&#8243;][\/vc_column][vc_column width=&#8221;1\/2&#8243;][mk_image src=&#8221;http:\/\/www.domainedecardon.fr\/wp-content\/uploads\/2015\/06\/space1.png&#8221; image_width=&#8221;226&#8243; image_height=&#8221;400&#8243; crop=&#8221;false&#8221; hover=&#8221;false&#8221; align=&#8221;center&#8221;][vc_column_text] Un vigneto nel cuore della Bourgogna Per fare un buon vino, ci vuole dell&#8217;uva buona! Questa \u00e8 la filosofia del nostro vigneto. La [&hellip;]<\/p>\n","protected":false},"author":2,"featured_media":0,"parent":0,"menu_order":0,"comment_status":"open","ping_status":"closed","template":"","meta":{"footnotes":""},"class_list":["post-13522","page","type-page","status-publish","hentry"],"yoast_head":"<!-- This site is optimized with the Yoast SEO plugin v27.5 - https:\/\/yoast.com\/product\/yoast-seo-wordpress\/ -->\n<title>Vigneto di Cardon a Rully - Home<\/title>\n<meta name=\"description\" content=\"Il Domaine de Cardon \u00e8 un vigneto situato a Rully che produce denominazioni di Beaujolais, Mercurey e First Cru.\" \/>\n<meta name=\"robots\" content=\"index, follow, max-snippet:-1, max-image-preview:large, max-video-preview:-1\" \/>\n<link rel=\"canonical\" href=\"https:\/\/www.domaine-de-cardon.fr\/it\/\" \/>\n<meta property=\"og:locale\" content=\"it_IT\" \/>\n<meta property=\"og:type\" content=\"article\" \/>\n<meta property=\"og:title\" content=\"Vigneto di Cardon a Rully - Home\" \/>\n<meta property=\"og:description\" content=\"Il Domaine de Cardon \u00e8 un vigneto situato a Rully che produce denominazioni di Beaujolais, Mercurey e First Cru.\" \/>\n<meta property=\"og:url\" content=\"https:\/\/www.domaine-de-cardon.fr\/it\/\" \/>\n<meta property=\"og:site_name\" content=\"Domaine de Cardon\" \/>\n<meta property=\"article:modified_time\" content=\"2024-04-10T21:21:00+00:00\" \/>\n<meta name=\"twitter:card\" content=\"summary_large_image\" \/>\n<meta name=\"twitter:label1\" content=\"Tempo di lettura stimato\" \/>\n\t<meta name=\"twitter:data1\" content=\"2 minuti\" \/>\n<script type=\"application\/ld+json\" class=\"yoast-schema-graph\">{\"@context\":\"https:\\\/\\\/schema.org\",\"@graph\":[{\"@type\":\"WebPage\",\"@id\":\"https:\\\/\\\/www.domaine-de-cardon.fr\\\/it\\\/\",\"url\":\"https:\\\/\\\/www.domaine-de-cardon.fr\\\/it\\\/\",\"name\":\"Vigneto di Cardon a Rully - Home\",\"isPartOf\":{\"@id\":\"https:\\\/\\\/www.domaine-de-cardon.fr\\\/it\\\/#website\"},\"datePublished\":\"2023-01-16T15:40:12+00:00\",\"dateModified\":\"2024-04-10T21:21:00+00:00\",\"description\":\"Il Domaine de Cardon \u00e8 un vigneto situato a Rully che produce denominazioni di Beaujolais, Mercurey e First Cru.\",\"breadcrumb\":{\"@id\":\"https:\\\/\\\/www.domaine-de-cardon.fr\\\/it\\\/#breadcrumb\"},\"inLanguage\":\"it-IT\",\"potentialAction\":[{\"@type\":\"ReadAction\",\"target\":[\"https:\\\/\\\/www.domaine-de-cardon.fr\\\/it\\\/\"]}]},{\"@type\":\"BreadcrumbList\",\"@id\":\"https:\\\/\\\/www.domaine-de-cardon.fr\\\/it\\\/#breadcrumb\",\"itemListElement\":[{\"@type\":\"ListItem\",\"position\":1,\"name\":\"Accueil\",\"item\":\"https:\\\/\\\/www.domaine-de-cardon.fr\\\/it\\\/\"},{\"@type\":\"ListItem\",\"position\":2,\"name\":\"Homepage it\"}]},{\"@type\":\"WebSite\",\"@id\":\"https:\\\/\\\/www.domaine-de-cardon.fr\\\/it\\\/#website\",\"url\":\"https:\\\/\\\/www.domaine-de-cardon.fr\\\/it\\\/\",\"name\":\"Domaine de Cardon\",\"description\":\"Un domaine aux valeurs uniques\",\"publisher\":{\"@id\":\"https:\\\/\\\/www.domaine-de-cardon.fr\\\/it\\\/#organization\"},\"potentialAction\":[{\"@type\":\"SearchAction\",\"target\":{\"@type\":\"EntryPoint\",\"urlTemplate\":\"https:\\\/\\\/www.domaine-de-cardon.fr\\\/it\\\/?s={search_term_string}\"},\"query-input\":{\"@type\":\"PropertyValueSpecification\",\"valueRequired\":true,\"valueName\":\"search_term_string\"}}],\"inLanguage\":\"it-IT\"},{\"@type\":\"Organization\",\"@id\":\"https:\\\/\\\/www.domaine-de-cardon.fr\\\/it\\\/#organization\",\"name\":\"Domaine de Cardon\",\"url\":\"https:\\\/\\\/www.domaine-de-cardon.fr\\\/it\\\/\",\"logo\":{\"@type\":\"ImageObject\",\"inLanguage\":\"it-IT\",\"@id\":\"https:\\\/\\\/www.domaine-de-cardon.fr\\\/it\\\/#\\\/schema\\\/logo\\\/image\\\/\",\"url\":\"https:\\\/\\\/www.domaine-de-cardon.fr\\\/wp-content\\\/uploads\\\/2015\\\/06\\\/cropped-blason.png\",\"contentUrl\":\"https:\\\/\\\/www.domaine-de-cardon.fr\\\/wp-content\\\/uploads\\\/2015\\\/06\\\/cropped-blason.png\",\"width\":512,\"height\":512,\"caption\":\"Domaine de Cardon\"},\"image\":{\"@id\":\"https:\\\/\\\/www.domaine-de-cardon.fr\\\/it\\\/#\\\/schema\\\/logo\\\/image\\\/\"}}]}<\/script>\n<!-- \/ Yoast SEO plugin. -->","yoast_head_json":{"title":"Vigneto di Cardon a Rully - Home","description":"Il Domaine de Cardon \u00e8 un vigneto situato a Rully che produce denominazioni di Beaujolais, Mercurey e First Cru.","robots":{"index":"index","follow":"follow","max-snippet":"max-snippet:-1","max-image-preview":"max-image-preview:large","max-video-preview":"max-video-preview:-1"},"canonical":"https:\/\/www.domaine-de-cardon.fr\/it\/","og_locale":"it_IT","og_type":"article","og_title":"Vigneto di Cardon a Rully - Home","og_description":"Il Domaine de Cardon \u00e8 un vigneto situato a Rully che produce denominazioni di Beaujolais, Mercurey e First Cru.","og_url":"https:\/\/www.domaine-de-cardon.fr\/it\/","og_site_name":"Domaine de Cardon","article_modified_time":"2024-04-10T21:21:00+00:00","twitter_card":"summary_large_image","twitter_misc":{"Tempo di lettura stimato":"2 minuti"},"schema":{"@context":"https:\/\/schema.org","@graph":[{"@type":"WebPage","@id":"https:\/\/www.domaine-de-cardon.fr\/it\/","url":"https:\/\/www.domaine-de-cardon.fr\/it\/","name":"Vigneto di Cardon a Rully - Home","isPartOf":{"@id":"https:\/\/www.domaine-de-cardon.fr\/it\/#website"},"datePublished":"2023-01-16T15:40:12+00:00","dateModified":"2024-04-10T21:21:00+00:00","description":"Il Domaine de Cardon \u00e8 un vigneto situato a Rully che produce denominazioni di Beaujolais, Mercurey e First Cru.","breadcrumb":{"@id":"https:\/\/www.domaine-de-cardon.fr\/it\/#breadcrumb"},"inLanguage":"it-IT","potentialAction":[{"@type":"ReadAction","target":["https:\/\/www.domaine-de-cardon.fr\/it\/"]}]},{"@type":"BreadcrumbList","@id":"https:\/\/www.domaine-de-cardon.fr\/it\/#breadcrumb","itemListElement":[{"@type":"ListItem","position":1,"name":"Accueil","item":"https:\/\/www.domaine-de-cardon.fr\/it\/"},{"@type":"ListItem","position":2,"name":"Homepage it"}]},{"@type":"WebSite","@id":"https:\/\/www.domaine-de-cardon.fr\/it\/#website","url":"https:\/\/www.domaine-de-cardon.fr\/it\/","name":"Domaine de Cardon","description":"Un domaine aux valeurs uniques","publisher":{"@id":"https:\/\/www.domaine-de-cardon.fr\/it\/#organization"},"potentialAction":[{"@type":"SearchAction","target":{"@type":"EntryPoint","urlTemplate":"https:\/\/www.domaine-de-cardon.fr\/it\/?s={search_term_string}"},"query-input":{"@type":"PropertyValueSpecification","valueRequired":true,"valueName":"search_term_string"}}],"inLanguage":"it-IT"},{"@type":"Organization","@id":"https:\/\/www.domaine-de-cardon.fr\/it\/#organization","name":"Domaine de Cardon","url":"https:\/\/www.domaine-de-cardon.fr\/it\/","logo":{"@type":"ImageObject","inLanguage":"it-IT","@id":"https:\/\/www.domaine-de-cardon.fr\/it\/#\/schema\/logo\/image\/","url":"https:\/\/www.domaine-de-cardon.fr\/wp-content\/uploads\/2015\/06\/cropped-blason.png","contentUrl":"https:\/\/www.domaine-de-cardon.fr\/wp-content\/uploads\/2015\/06\/cropped-blason.png","width":512,"height":512,"caption":"Domaine de Cardon"},"image":{"@id":"https:\/\/www.domaine-de-cardon.fr\/it\/#\/schema\/logo\/image\/"}}]}},"_links":{"self":[{"href":"https:\/\/www.domaine-de-cardon.fr\/it\/wp-json\/wp\/v2\/pages\/13522","targetHints":{"allow":["GET"]}}],"collection":[{"href":"https:\/\/www.domaine-de-cardon.fr\/it\/wp-json\/wp\/v2\/pages"}],"about":[{"href":"https:\/\/www.domaine-de-cardon.fr\/it\/wp-json\/wp\/v2\/types\/page"}],"author":[{"embeddable":true,"href":"https:\/\/www.domaine-de-cardon.fr\/it\/wp-json\/wp\/v2\/users\/2"}],"replies":[{"embeddable":true,"href":"https:\/\/www.domaine-de-cardon.fr\/it\/wp-json\/wp\/v2\/comments?post=13522"}],"version-history":[{"count":0,"href":"https:\/\/www.domaine-de-cardon.fr\/it\/wp-json\/wp\/v2\/pages\/13522\/revisions"}],"wp:attachment":[{"href":"https:\/\/www.domaine-de-cardon.fr\/it\/wp-json\/wp\/v2\/media?parent=13522"}],"curies":[{"name":"wp","href":"https:\/\/api.w.org\/{rel}","templated":true}]}}